{"id":17129,"date":"2020-09-06T09:00:54","date_gmt":"2020-09-06T09:00:54","guid":{"rendered":"https:\/\/moirai.si\/?post_type=product&#038;p=17129"},"modified":"2025-01-13T14:52:47","modified_gmt":"2025-01-13T14:52:47","slug":"ella-koraljni-bambus-2","status":"publish","type":"product","link":"https:\/\/moirai.si\/hr\/izdelek\/ella-korala-bambus-2\/","title":{"rendered":"Ella koralj bambus"},"content":{"rendered":"<p>U\u017eivajte u ovoj elegantnoj narukvici iz Ella kolekcije koja je izra\u0111ena od crvenog bambus koralja. Narukvica je nanizana na mekanu, ali jaku \u010deli\u010dnu \u017eicu i zavr\u0161ena elementima od srebra 925. <\/p>\n<p>Vi\u0161e informacija: <a href=\"https:\/\/moirai.si\/hr\/koraljni\/\" target=\"_blank\" rel=\"noopener noreferrer\">Koralj<\/a><\/p>\n<p>MATERIJAL: crveni bambus koralj, srebro 925<br \/>\nDULJINA: podesiva 19-22,5 cm<br \/>\nTE\u017dINA: 62,6 g<br \/>\nVELI\u010cINA KAMENA: 6-16 mm<br \/>\nKop\u010da: 12 mm<\/p>","protected":false},"excerpt":{"rendered":"<p>U\u017eivajte s to elegantno zapestnico kolekcije Ella, ki je narejena iz rde\u010de Bambus Korale. Zapestnica je nizana na mehko, vendar mo\u010dno jekleno \u017eico in zaklju\u010dena s srebrnimi 925 elementi. Ve\u010d informacij: Korala MATERIAL: rde\u010da Bambus Korala, Srebro 925 DOL\u017dINA: prilagodljiva 19-22.5 cm TE\u017dA: 62.6 g VELIKOST KAMNOV: 6-16 mm ZAPONKA: 12 mm<\/p>","protected":false},"featured_media":24131,"template":"","meta":[],"product_brand":[],"product_cat":[53,289,821,822,823,1137],"product_tag":[401,371],"class_list":{"0":"post-17129","1":"product","2":"type-product","3":"status-publish","4":"has-post-thumbnail","6":"product_cat-bambus-korala","7":"product_cat-ella","8":"product_cat-od-18-do-19cm","9":"product_cat-od-19-do-20cm","10":"product_cat-od-20cm","11":"product_cat-ogled-vseh-zapestnice-2","12":"product_tag-rdeca-bambus-korala","13":"product_tag-srebro-925","15":"first","16":"instock","17":"shipping-taxable","18":"purchasable","19":"product-type-simple"},"_links":{"self":[{"href":"https:\/\/moirai.si\/hr\/wp-json\/wp\/v2\/product\/17129","targetHints":{"allow":["GET"]}}],"collection":[{"href":"https:\/\/moirai.si\/hr\/wp-json\/wp\/v2\/product"}],"about":[{"href":"https:\/\/moirai.si\/hr\/wp-json\/wp\/v2\/types\/product"}],"wp:featuredmedia":[{"embeddable":true,"href":"https:\/\/moirai.si\/hr\/wp-json\/wp\/v2\/media\/24131"}],"wp:attachment":[{"href":"https:\/\/moirai.si\/hr\/wp-json\/wp\/v2\/media?parent=17129"}],"wp:term":[{"taxonomy":"product_brand","embeddable":true,"href":"https:\/\/moirai.si\/hr\/wp-json\/wp\/v2\/product_brand?post=17129"},{"taxonomy":"product_cat","embeddable":true,"href":"https:\/\/moirai.si\/hr\/wp-json\/wp\/v2\/product_cat?post=17129"},{"taxonomy":"product_tag","embeddable":true,"href":"https:\/\/moirai.si\/hr\/wp-json\/wp\/v2\/product_tag?post=17129"}],"curies":[{"name":"wp","href":"https:\/\/api.w.org\/{rel}","templated":true}]}}