{"id":17201,"date":"2020-09-06T14:37:06","date_gmt":"2020-09-06T14:37:06","guid":{"rendered":"https:\/\/moirai.si\/?post_type=product&#038;p=17201"},"modified":"2025-08-19T18:44:14","modified_gmt":"2025-08-19T18:44:14","slug":"klasicni-jaspis-hematit","status":"publish","type":"product","link":"https:\/\/moirai.si\/hr\/izdelek\/clasic-jaspis-hematit\/","title":{"rendered":"Clasic Jaspis Hematit"},"content":{"rendered":"<p>Narukvica Jaspis, Hematit i srebro 925.<\/p>\n<p>MATERIJAL: fasetirani jaspis, hematit, srebro 925<br \/>\nDU\u017dINA: 18 cm<br \/>\nTE\u017dINA: 13,8 g<br \/>\nVELI\u010cINA KAMENA: 4-8 mm<br \/>\nKOP\u010cA: 9 mm<\/p>","protected":false},"excerpt":{"rendered":"<p>Elegantna zapestnica kolekcije Clasic, ki je narejena iz razli\u010dnih kamnov ter srebrnih 925 elementov. MATERIAL: fasetiran Jaspis, Hematit, Srebro 925 DOL\u017dINA: 18 cm TE\u017dA: 13.8 g VELIKOST KAMNOV: 4-8 mm ZAPONKA: 9 mm<\/p>","protected":false},"featured_media":17202,"template":"","meta":[],"product_brand":[],"product_cat":[208,820,42,47,821,1137],"product_tag":[335,202,371],"class_list":{"0":"post-17201","1":"product","2":"type-product","3":"status-publish","4":"has-post-thumbnail","6":"product_cat-clasic","7":"product_cat-do-18cm","8":"product_cat-hematit","9":"product_cat-jaspis","10":"product_cat-od-18-do-19cm","11":"product_cat-ogled-vseh-zapestnice-2","12":"product_tag-fasetiran-jaspis","13":"product_tag-hematit","14":"product_tag-srebro-925","16":"first","17":"instock","18":"shipping-taxable","19":"purchasable","20":"product-type-simple"},"_links":{"self":[{"href":"https:\/\/moirai.si\/hr\/wp-json\/wp\/v2\/product\/17201","targetHints":{"allow":["GET"]}}],"collection":[{"href":"https:\/\/moirai.si\/hr\/wp-json\/wp\/v2\/product"}],"about":[{"href":"https:\/\/moirai.si\/hr\/wp-json\/wp\/v2\/types\/product"}],"wp:featuredmedia":[{"embeddable":true,"href":"https:\/\/moirai.si\/hr\/wp-json\/wp\/v2\/media\/17202"}],"wp:attachment":[{"href":"https:\/\/moirai.si\/hr\/wp-json\/wp\/v2\/media?parent=17201"}],"wp:term":[{"taxonomy":"product_brand","embeddable":true,"href":"https:\/\/moirai.si\/hr\/wp-json\/wp\/v2\/product_brand?post=17201"},{"taxonomy":"product_cat","embeddable":true,"href":"https:\/\/moirai.si\/hr\/wp-json\/wp\/v2\/product_cat?post=17201"},{"taxonomy":"product_tag","embeddable":true,"href":"https:\/\/moirai.si\/hr\/wp-json\/wp\/v2\/product_tag?post=17201"}],"curies":[{"name":"wp","href":"https:\/\/api.w.org\/{rel}","templated":true}]}}