{"id":17203,"date":"2020-09-06T14:39:02","date_gmt":"2020-09-06T14:39:02","guid":{"rendered":"https:\/\/moirai.si\/?post_type=product&#038;p=17203"},"modified":"2025-01-13T14:50:55","modified_gmt":"2025-01-13T14:50:55","slug":"klasicna-mjesavina-40","status":"publish","type":"product","link":"https:\/\/moirai.si\/hr\/izdelek\/clasic-mix-40\/","title":{"rendered":"Clasic Mix"},"content":{"rendered":"<p>Elegantna narukvica iz kolekcije Clasic, koja je izra\u0111ena od raznih kamen\u010di\u0107a i srebra 925 <a href=\"https:\/\/moirai.si\/hr\/o-nakitu\/\" target=\"_blank\" rel=\"noopener noreferrer\">o nakitu<\/a>  <\/p>\n<p>MATERIJAL: fasetirani jaspis, hematit, oniks, srebro fino\u0107e 925<br \/>\nDU\u017dINA: 18,5 cm<br \/>\nTE\u017dINA: 14,2 g<br \/>\nVELI\u010cINA KAMENA: 6-8 mm<br \/>\nKOP\u010cA: 9 mm<\/p>","protected":false},"excerpt":{"rendered":"<p>Elegantna zapestnica kolekcije Clasic, ki je narejena iz razli\u010dnih kamnov ter srebrnih 925 elementov, nizana na mehko, vendar mo\u010dno jekleno \u017eico in zaklju\u010dena s srebrnimi elementi. Dol\u017eino zapestnice je mo\u017eno prilagoditi va\u0161im \u017eeljam. \u017deljeno dol\u017eino zapestnice nam pripi\u0161ite v opombo pri nakupu. Ve\u010d informacij glede dol\u017eine zapestnice si lahko pogledate tukaj: o nakitu MATERIAL: fasetiran [&hellip;]<\/p>\n","protected":false},"featured_media":17204,"template":"","meta":[],"product_brand":[],"product_cat":[208,42,47,821,1137,62],"product_tag":[335,202,206,371],"class_list":{"0":"post-17203","1":"product","2":"type-product","3":"status-publish","4":"has-post-thumbnail","6":"product_cat-clasic","7":"product_cat-hematit","8":"product_cat-jaspis","9":"product_cat-od-18-do-19cm","10":"product_cat-ogled-vseh-zapestnice-2","11":"product_cat-oniks","12":"product_tag-fasetiran-jaspis","13":"product_tag-hematit","14":"product_tag-oniks","15":"product_tag-srebro-925","17":"first","18":"instock","19":"shipping-taxable","20":"purchasable","21":"product-type-simple"},"_links":{"self":[{"href":"https:\/\/moirai.si\/hr\/wp-json\/wp\/v2\/product\/17203","targetHints":{"allow":["GET"]}}],"collection":[{"href":"https:\/\/moirai.si\/hr\/wp-json\/wp\/v2\/product"}],"about":[{"href":"https:\/\/moirai.si\/hr\/wp-json\/wp\/v2\/types\/product"}],"wp:featuredmedia":[{"embeddable":true,"href":"https:\/\/moirai.si\/hr\/wp-json\/wp\/v2\/media\/17204"}],"wp:attachment":[{"href":"https:\/\/moirai.si\/hr\/wp-json\/wp\/v2\/media?parent=17203"}],"wp:term":[{"taxonomy":"product_brand","embeddable":true,"href":"https:\/\/moirai.si\/hr\/wp-json\/wp\/v2\/product_brand?post=17203"},{"taxonomy":"product_cat","embeddable":true,"href":"https:\/\/moirai.si\/hr\/wp-json\/wp\/v2\/product_cat?post=17203"},{"taxonomy":"product_tag","embeddable":true,"href":"https:\/\/moirai.si\/hr\/wp-json\/wp\/v2\/product_tag?post=17203"}],"curies":[{"name":"wp","href":"https:\/\/api.w.org\/{rel}","templated":true}]}}