{"id":17217,"date":"2020-09-06T15:22:26","date_gmt":"2020-09-06T15:22:26","guid":{"rendered":"https:\/\/moirai.si\/?post_type=product&#038;p=17217"},"modified":"2025-03-05T11:20:08","modified_gmt":"2025-03-05T11:20:08","slug":"argo-tirkizna-4","status":"publish","type":"product","link":"https:\/\/moirai.si\/hr\/izdelek\/argo-turkiz-4\/","title":{"rendered":"Argo Tirkiz"},"content":{"rendered":"<p>Elegantna narukvica iz kolekcije Argo, izra\u0111ena od tirkizne boje. Narukvica je nanizana na meku, ali \u010dvrstu \u010deli\u010dnu \u017eicu.   <\/p>\n<p>MATERIAL: Tirkiz, rodinirano Srebro 925<br \/>\nDU\u017dINA: podesiva 17-19,5 cm<br \/>\nTE\u017dINA: 18,2 g<br \/>\nVELI\u010cINA KAMENA: 6-10 mm<br \/>\nKOP\u010cA: 9 mm<\/p>","protected":false},"excerpt":{"rendered":"<p>Elegantna zapestnica kolekcije Argo, ki je narejena iz Turkiza. Zapestnica je nizana na mehko, vendar mo\u010dno jekleno \u017eico. MATERIAL: Turkiz, rodinirano Srebro 925 DOL\u017dINA: prilagodljiva 17-19,5 cm TE\u017dA: 18,2 g VELIKOST KAMNOV: 6-10 mm ZAPONKA: 9 mm<\/p>","protected":false},"featured_media":25001,"template":"","meta":[],"product_brand":[],"product_cat":[191,820,821,822,1137,82],"product_tag":[637,223],"class_list":{"0":"post-17217","1":"product","2":"type-product","3":"status-publish","4":"has-post-thumbnail","6":"product_cat-argo","7":"product_cat-do-18cm","8":"product_cat-od-18-do-19cm","9":"product_cat-od-19-do-20cm","10":"product_cat-ogled-vseh-zapestnice-2","11":"product_cat-turkiz","12":"product_tag-rodinirano-srebro-925","13":"product_tag-turkiz","15":"first","16":"instock","17":"shipping-taxable","18":"purchasable","19":"product-type-simple"},"_links":{"self":[{"href":"https:\/\/moirai.si\/hr\/wp-json\/wp\/v2\/product\/17217","targetHints":{"allow":["GET"]}}],"collection":[{"href":"https:\/\/moirai.si\/hr\/wp-json\/wp\/v2\/product"}],"about":[{"href":"https:\/\/moirai.si\/hr\/wp-json\/wp\/v2\/types\/product"}],"wp:featuredmedia":[{"embeddable":true,"href":"https:\/\/moirai.si\/hr\/wp-json\/wp\/v2\/media\/25001"}],"wp:attachment":[{"href":"https:\/\/moirai.si\/hr\/wp-json\/wp\/v2\/media?parent=17217"}],"wp:term":[{"taxonomy":"product_brand","embeddable":true,"href":"https:\/\/moirai.si\/hr\/wp-json\/wp\/v2\/product_brand?post=17217"},{"taxonomy":"product_cat","embeddable":true,"href":"https:\/\/moirai.si\/hr\/wp-json\/wp\/v2\/product_cat?post=17217"},{"taxonomy":"product_tag","embeddable":true,"href":"https:\/\/moirai.si\/hr\/wp-json\/wp\/v2\/product_tag?post=17217"}],"curies":[{"name":"wp","href":"https:\/\/api.w.org\/{rel}","templated":true}]}}