{"id":17242,"date":"2020-09-15T10:47:35","date_gmt":"2020-09-15T10:47:35","guid":{"rendered":"https:\/\/moirai.si\/?post_type=product&#038;p=17242"},"modified":"2026-03-26T12:41:34","modified_gmt":"2026-03-26T12:41:34","slug":"agatni-fosil-turitele-s","status":"publish","type":"product","link":"https:\/\/moirai.si\/hr\/izdelek\/ahat-fosilni-turitela-s\/","title":{"rendered":"Ahat Fosilni Turitela S"},"content":{"rendered":"<p>Prekrasan komad poliranog fosilnog ahata, pogodan kao ljekoviti ru\u010dni kamen ili kao dar za va\u0161e najmilije. Slika je simboli\u010dna. Mogu\u0107a su manja odstupanja u boji, te\u017eini i obliku.<\/p>\n<p>Vi\u0161e informacija: <a href=\"https:\/\/moirai.si\/hr\/ahat\/\" target=\"_blank\" rel=\"noopener noreferrer\">Ahat<\/a><\/p>\n<p>MATERIJAL: Fosilni ahat (Turitela ahat)<br \/>\nDIMENZIJE: cca 1-1,5 cm<br \/>\nTE\u017dINA: 5-10 g<\/p>","protected":false},"excerpt":{"rendered":"<p>\u010cudovit kos spoliranega Fosilnega Ahata (Nebraska), primeren kot zdravilni ro\u010dni kamen ali kot darilo za va\u0161e najbli\u017enje. Slika je simboli\u010dna. Mo\u017ena so manj\u0161a odstopanja v barvi, te\u017ei in obliki. Ve\u010d informacij: Ahat MATERIAL: Fosilni Ahat (Turitela Ahat) DIMENZIJE: cca 1-1,5 cm TE\u017dA: 5-10 g<\/p>","protected":false},"featured_media":22281,"template":"","meta":[],"product_brand":[],"product_cat":[30,753],"product_tag":[930],"class_list":{"0":"post-17242","1":"product","2":"type-product","3":"status-publish","4":"has-post-thumbnail","6":"product_cat-ahat","7":"product_cat-rocni-kamni","8":"product_tag-fosilni-ahat-turitela-ahat","10":"first","11":"instock","12":"shipping-taxable","13":"purchasable","14":"product-type-simple"},"_links":{"self":[{"href":"https:\/\/moirai.si\/hr\/wp-json\/wp\/v2\/product\/17242","targetHints":{"allow":["GET"]}}],"collection":[{"href":"https:\/\/moirai.si\/hr\/wp-json\/wp\/v2\/product"}],"about":[{"href":"https:\/\/moirai.si\/hr\/wp-json\/wp\/v2\/types\/product"}],"wp:featuredmedia":[{"embeddable":true,"href":"https:\/\/moirai.si\/hr\/wp-json\/wp\/v2\/media\/22281"}],"wp:attachment":[{"href":"https:\/\/moirai.si\/hr\/wp-json\/wp\/v2\/media?parent=17242"}],"wp:term":[{"taxonomy":"product_brand","embeddable":true,"href":"https:\/\/moirai.si\/hr\/wp-json\/wp\/v2\/product_brand?post=17242"},{"taxonomy":"product_cat","embeddable":true,"href":"https:\/\/moirai.si\/hr\/wp-json\/wp\/v2\/product_cat?post=17242"},{"taxonomy":"product_tag","embeddable":true,"href":"https:\/\/moirai.si\/hr\/wp-json\/wp\/v2\/product_tag?post=17242"}],"curies":[{"name":"wp","href":"https:\/\/api.w.org\/{rel}","templated":true}]}}