{"id":17342,"date":"2020-09-28T13:41:42","date_gmt":"2020-09-28T13:41:42","guid":{"rendered":"https:\/\/moirai.si\/?post_type=product&#038;p=17342"},"modified":"2025-01-12T20:07:46","modified_gmt":"2025-01-12T20:07:46","slug":"clasic-kamena-strela-15","status":"publish","type":"product","link":"https:\/\/moirai.si\/hr\/izdelek\/clasic-kamena-strela-15\/","title":{"rendered":"Clasic Gorski kristal"},"content":{"rendered":"<p>Elegantne nau\u0161nice iz Clasic kolekcije izra\u0111ene od Gorskog Kristala i rodiniranog srebra 925.<\/p>\n<p>Vi\u0161e informacija: <a href=\"https:\/\/moirai.si\/hr\/gorski-kristal\/\" target=\"_blank\" rel=\"noopener noreferrer\">Gorski Kristal<\/a><\/p>\n<p>MATERIAL: Gorski Kristal, rodinirano srebro 925<br \/>\nTE\u017dINA: 6.3 g<br \/>\nVELI\u010cINA KAMENA: 12 mm<br \/>\nDU\u017dINA: 3.6 cm<\/p>","protected":false},"excerpt":{"rendered":"<p>Elegantni uhani kolekcije Clasic, ki so narejeni iz Kamene Strele in rodiniranega srebra 925. Ve\u010d informacij: Kamena Strela MATERIAL: Kamena Strela, rodinirano srebro 925 TE\u017dA: 6.3 g VELIKOST KAMNOV: 12 mm DOL\u017dINA: 3.6 cm<\/p>","protected":false},"featured_media":24053,"template":"","meta":[],"product_brand":[],"product_cat":[208,68,1138,27,1141],"product_tag":[203,637],"class_list":{"0":"post-17342","1":"product","2":"type-product","3":"status-publish","4":"has-post-thumbnail","6":"product_cat-clasic","7":"product_cat-kamena-strela","8":"product_cat-ogled-vseh-uhani","9":"product_cat-uhani","10":"product_cat-uhani-clasic","11":"product_tag-kamena-strela","12":"product_tag-rodinirano-srebro-925","14":"first","15":"instock","16":"shipping-taxable","17":"purchasable","18":"product-type-simple"},"_links":{"self":[{"href":"https:\/\/moirai.si\/hr\/wp-json\/wp\/v2\/product\/17342","targetHints":{"allow":["GET"]}}],"collection":[{"href":"https:\/\/moirai.si\/hr\/wp-json\/wp\/v2\/product"}],"about":[{"href":"https:\/\/moirai.si\/hr\/wp-json\/wp\/v2\/types\/product"}],"wp:featuredmedia":[{"embeddable":true,"href":"https:\/\/moirai.si\/hr\/wp-json\/wp\/v2\/media\/24053"}],"wp:attachment":[{"href":"https:\/\/moirai.si\/hr\/wp-json\/wp\/v2\/media?parent=17342"}],"wp:term":[{"taxonomy":"product_brand","embeddable":true,"href":"https:\/\/moirai.si\/hr\/wp-json\/wp\/v2\/product_brand?post=17342"},{"taxonomy":"product_cat","embeddable":true,"href":"https:\/\/moirai.si\/hr\/wp-json\/wp\/v2\/product_cat?post=17342"},{"taxonomy":"product_tag","embeddable":true,"href":"https:\/\/moirai.si\/hr\/wp-json\/wp\/v2\/product_tag?post=17342"}],"curies":[{"name":"wp","href":"https:\/\/api.w.org\/{rel}","templated":true}]}}