{"id":17377,"date":"2020-09-29T09:32:17","date_gmt":"2020-09-29T09:32:17","guid":{"rendered":"https:\/\/moirai.si\/?post_type=product&#038;p=17377"},"modified":"2025-01-13T17:57:30","modified_gmt":"2025-01-13T17:57:30","slug":"argo-granata-2","status":"publish","type":"product","link":"https:\/\/moirai.si\/hr\/izdelek\/argo-granat-2\/","title":{"rendered":"Argo granat"},"content":{"rendered":"<p>Preslatke nau\u0161nice iz Argo kolekcije, izra\u0111ene od granata i 925 srebra.<\/p>\n<p>Vi\u0161e informacija: <a href=\"https:\/\/moirai.si\/hr\/granat\/\" target=\"_blank\" rel=\"noopener noreferrer\">Granat<\/a><\/p>\n<p>MATERIJAL: Granat, srebro 925<br \/>\nVELI\u010cINA KAMENA: 6-8 mm<br \/>\nTE\u017dINA: 7.6 g<br \/>\nDU\u017dINA: 7,2 cm<\/p>","protected":false},"excerpt":{"rendered":"<p>Prikupni uhani kolekcije Argo, ki so narejeni iz Granata in srebra 925. Ve\u010d informacij: Granat MATERIAL: Granat, srebro 925 VELIKOST KAMNOV: 6-8 mm TE\u017dA: 7.6 g DOL\u017dINA: 7.2 cm<\/p>","protected":false},"featured_media":25908,"template":"","meta":[],"product_brand":[],"product_cat":[191,41,1138,27,1140],"product_tag":[201,371],"class_list":{"0":"post-17377","1":"product","2":"type-product","3":"status-publish","4":"has-post-thumbnail","6":"product_cat-argo","7":"product_cat-granat","8":"product_cat-ogled-vseh-uhani","9":"product_cat-uhani","10":"product_cat-uhani-argo","11":"product_tag-granat","12":"product_tag-srebro-925","14":"first","15":"instock","16":"shipping-taxable","17":"purchasable","18":"product-type-simple"},"_links":{"self":[{"href":"https:\/\/moirai.si\/hr\/wp-json\/wp\/v2\/product\/17377","targetHints":{"allow":["GET"]}}],"collection":[{"href":"https:\/\/moirai.si\/hr\/wp-json\/wp\/v2\/product"}],"about":[{"href":"https:\/\/moirai.si\/hr\/wp-json\/wp\/v2\/types\/product"}],"wp:featuredmedia":[{"embeddable":true,"href":"https:\/\/moirai.si\/hr\/wp-json\/wp\/v2\/media\/25908"}],"wp:attachment":[{"href":"https:\/\/moirai.si\/hr\/wp-json\/wp\/v2\/media?parent=17377"}],"wp:term":[{"taxonomy":"product_brand","embeddable":true,"href":"https:\/\/moirai.si\/hr\/wp-json\/wp\/v2\/product_brand?post=17377"},{"taxonomy":"product_cat","embeddable":true,"href":"https:\/\/moirai.si\/hr\/wp-json\/wp\/v2\/product_cat?post=17377"},{"taxonomy":"product_tag","embeddable":true,"href":"https:\/\/moirai.si\/hr\/wp-json\/wp\/v2\/product_tag?post=17377"}],"curies":[{"name":"wp","href":"https:\/\/api.w.org\/{rel}","templated":true}]}}