{"id":17401,"date":"2020-09-29T11:41:04","date_gmt":"2020-09-29T11:41:04","guid":{"rendered":"https:\/\/moirai.si\/?post_type=product&#038;p=17401"},"modified":"2025-01-14T12:43:36","modified_gmt":"2025-01-14T12:43:36","slug":"argo-mix-20","status":"publish","type":"product","link":"https:\/\/moirai.si\/hr\/izdelek\/argo-mix-20\/","title":{"rendered":"Argo mix"},"content":{"rendered":"<p>Simpati\u010dne nau\u0161nice iz kolekcije Argo koje su izra\u0111ene od raznog kamenja i 925 srebra.<\/p>\n<p>MATERIJAL: Snje\u017eni opsidijan, hematit, oniks, fasetirani oniks, srebro 925<br \/>\nVELI\u010cINA KAMENA: 2-8 mm<br \/>\nTE\u017dINA: 4.8 g<br \/>\nDU\u017dINA: 7,2 cm<\/p>","protected":false},"excerpt":{"rendered":"<p>Prikupni uhani kolekcije Argo, ki so narejeni iz razli\u010dnih kamnov in srebra 925. MATERIAL: Sne\u017eni Obsidijan, Hematit, Oniks, fasetiran Oniks, srebro 925 VELIKOST KAMNOV: 2-8 mm TE\u017dA: 4.8 g DOL\u017dINA: 7.2 cm<\/p>","protected":false},"featured_media":25921,"template":"","meta":[],"product_brand":[],"product_cat":[191,42,63,1138,62,27,1140],"product_tag":[293,202,206,226,371],"class_list":{"0":"post-17401","1":"product","2":"type-product","3":"status-publish","4":"has-post-thumbnail","6":"product_cat-argo","7":"product_cat-hematit","8":"product_cat-obsidijan","9":"product_cat-ogled-vseh-uhani","10":"product_cat-oniks","11":"product_cat-uhani","12":"product_cat-uhani-argo","13":"product_tag-fasetiran-oniks","14":"product_tag-hematit","15":"product_tag-oniks","16":"product_tag-snezni-obsidijan","17":"product_tag-srebro-925","19":"first","20":"instock","21":"shipping-taxable","22":"purchasable","23":"product-type-simple"},"_links":{"self":[{"href":"https:\/\/moirai.si\/hr\/wp-json\/wp\/v2\/product\/17401","targetHints":{"allow":["GET"]}}],"collection":[{"href":"https:\/\/moirai.si\/hr\/wp-json\/wp\/v2\/product"}],"about":[{"href":"https:\/\/moirai.si\/hr\/wp-json\/wp\/v2\/types\/product"}],"wp:featuredmedia":[{"embeddable":true,"href":"https:\/\/moirai.si\/hr\/wp-json\/wp\/v2\/media\/25921"}],"wp:attachment":[{"href":"https:\/\/moirai.si\/hr\/wp-json\/wp\/v2\/media?parent=17401"}],"wp:term":[{"taxonomy":"product_brand","embeddable":true,"href":"https:\/\/moirai.si\/hr\/wp-json\/wp\/v2\/product_brand?post=17401"},{"taxonomy":"product_cat","embeddable":true,"href":"https:\/\/moirai.si\/hr\/wp-json\/wp\/v2\/product_cat?post=17401"},{"taxonomy":"product_tag","embeddable":true,"href":"https:\/\/moirai.si\/hr\/wp-json\/wp\/v2\/product_tag?post=17401"}],"curies":[{"name":"wp","href":"https:\/\/api.w.org\/{rel}","templated":true}]}}