{"id":17413,"date":"2020-09-29T12:00:30","date_gmt":"2020-09-29T12:00:30","guid":{"rendered":"https:\/\/moirai.si\/?post_type=product&#038;p=17413"},"modified":"2025-01-14T11:31:28","modified_gmt":"2025-01-14T11:31:28","slug":"argo-mix-24","status":"publish","type":"product","link":"https:\/\/moirai.si\/hr\/izdelek\/argo-mix-24\/","title":{"rendered":"Argo mix"},"content":{"rendered":"<p>Simpati\u010dne nau\u0161nice iz kolekcije Argo koje su izra\u0111ene od raznog kamenja i 925 srebra.<\/p>\n<p>MATERIAL: fasetiran Jaspis, fasetiran Oniks, Hematit, srebro 925<br \/>\nVELI\u010cINA KAMENA: 2-12 mm<br \/>\nTE\u017dA: 6.8 g<br \/>\nDOL\u017dINA: 6.2 cm<\/p>","protected":false},"excerpt":{"rendered":"<p>Prikupni uhani kolekcije Argo, ki so narejeni iz razli\u010dnih kamnov in srebra 925. MATERIAL: fasetiran Jaspis, fasetiran Oniks, Hematit, srebro 925 VELIKOST KAMNOV: 2-12 mm TE\u017dA: 6.8 g DOL\u017dINA: 6.2 cm<\/p>","protected":false},"featured_media":25917,"template":"","meta":[],"product_brand":[],"product_cat":[191,42,47,1138,62,27,1140],"product_tag":[335,293,202,371],"class_list":{"0":"post-17413","1":"product","2":"type-product","3":"status-publish","4":"has-post-thumbnail","6":"product_cat-argo","7":"product_cat-hematit","8":"product_cat-jaspis","9":"product_cat-ogled-vseh-uhani","10":"product_cat-oniks","11":"product_cat-uhani","12":"product_cat-uhani-argo","13":"product_tag-fasetiran-jaspis","14":"product_tag-fasetiran-oniks","15":"product_tag-hematit","16":"product_tag-srebro-925","18":"first","19":"instock","20":"shipping-taxable","21":"purchasable","22":"product-type-simple"},"_links":{"self":[{"href":"https:\/\/moirai.si\/hr\/wp-json\/wp\/v2\/product\/17413","targetHints":{"allow":["GET"]}}],"collection":[{"href":"https:\/\/moirai.si\/hr\/wp-json\/wp\/v2\/product"}],"about":[{"href":"https:\/\/moirai.si\/hr\/wp-json\/wp\/v2\/types\/product"}],"wp:featuredmedia":[{"embeddable":true,"href":"https:\/\/moirai.si\/hr\/wp-json\/wp\/v2\/media\/25917"}],"wp:attachment":[{"href":"https:\/\/moirai.si\/hr\/wp-json\/wp\/v2\/media?parent=17413"}],"wp:term":[{"taxonomy":"product_brand","embeddable":true,"href":"https:\/\/moirai.si\/hr\/wp-json\/wp\/v2\/product_brand?post=17413"},{"taxonomy":"product_cat","embeddable":true,"href":"https:\/\/moirai.si\/hr\/wp-json\/wp\/v2\/product_cat?post=17413"},{"taxonomy":"product_tag","embeddable":true,"href":"https:\/\/moirai.si\/hr\/wp-json\/wp\/v2\/product_tag?post=17413"}],"curies":[{"name":"wp","href":"https:\/\/api.w.org\/{rel}","templated":true}]}}