{"id":17608,"date":"2020-10-29T09:32:58","date_gmt":"2020-10-29T09:32:58","guid":{"rendered":"https:\/\/moirai.si\/?post_type=product&#038;p=17608"},"modified":"2025-08-19T20:35:11","modified_gmt":"2025-08-19T20:35:11","slug":"versy-jaspis-brecia-8","status":"publish","type":"product","link":"https:\/\/moirai.si\/hr\/izdelek\/versy-jaspis-brecia-8\/","title":{"rendered":"Versy Jaspis Brecia"},"content":{"rendered":"<p>Unikatan privjesak iz kolekcije Versy od jaspisa na crni ko\u017ei sa srebrnom 925 kop\u010dom. <\/p>\n<p>Vi\u0161e informacija: <a href=\"https:\/\/moirai.si\/hr\/jaspis\/\" target=\"_blank\" rel=\"noopener noreferrer\">Jaspis <\/a><\/p>\n<p>MATERIJAL: brecia jaspis, crna ko\u017ea, srebro 925<br \/>\nDU\u017dINA RAMENA: 50 cm<br \/>\nTE\u017dINA: 13,5 g<br \/>\nVELI\u010cINA KAMENA: 2,2-3,4 cm<br \/>\nDEBLJINA KAMENA: 0,7 cm<\/p>","protected":false},"excerpt":{"rendered":"<p>Unikaten obesek kolekcije Versy iz Jaspisa na \u010drnem usnjenem traku s srebrno 925 zaponko. \u010ce \u017eelite imeti dalj\u0161i oz. kraj\u0161i usnjeni trak nam to napi\u0161ite v opombo pri naro\u010dilu. Ve\u010d informacij: Jaspis MATERIAL: brecia Jaspis, \u010drno usnje, srebro 925 DOL\u017dINA TRAKU: 50 cm TE\u017dA: 13.5 g VELIKOST KAMNA: 2.2-3.4 cm DEBELINA KAMNA: 0.7 cm<\/p>","protected":false},"featured_media":25538,"template":"","meta":[],"product_brand":[],"product_cat":[47,910,309],"product_tag":[865,648,371],"class_list":{"0":"post-17608","1":"product","2":"type-product","3":"status-publish","4":"has-post-thumbnail","6":"product_cat-jaspis","7":"product_cat-obeski-in-srebro","8":"product_cat-versy","9":"product_tag-brecia-jaspis","10":"product_tag-crno-usnje","11":"product_tag-srebro-925","13":"first","14":"instock","15":"shipping-taxable","16":"purchasable","17":"product-type-simple"},"_links":{"self":[{"href":"https:\/\/moirai.si\/hr\/wp-json\/wp\/v2\/product\/17608","targetHints":{"allow":["GET"]}}],"collection":[{"href":"https:\/\/moirai.si\/hr\/wp-json\/wp\/v2\/product"}],"about":[{"href":"https:\/\/moirai.si\/hr\/wp-json\/wp\/v2\/types\/product"}],"wp:featuredmedia":[{"embeddable":true,"href":"https:\/\/moirai.si\/hr\/wp-json\/wp\/v2\/media\/25538"}],"wp:attachment":[{"href":"https:\/\/moirai.si\/hr\/wp-json\/wp\/v2\/media?parent=17608"}],"wp:term":[{"taxonomy":"product_brand","embeddable":true,"href":"https:\/\/moirai.si\/hr\/wp-json\/wp\/v2\/product_brand?post=17608"},{"taxonomy":"product_cat","embeddable":true,"href":"https:\/\/moirai.si\/hr\/wp-json\/wp\/v2\/product_cat?post=17608"},{"taxonomy":"product_tag","embeddable":true,"href":"https:\/\/moirai.si\/hr\/wp-json\/wp\/v2\/product_tag?post=17608"}],"curies":[{"name":"wp","href":"https:\/\/api.w.org\/{rel}","templated":true}]}}