{"id":17610,"date":"2020-10-29T09:34:53","date_gmt":"2020-10-29T09:34:53","guid":{"rendered":"https:\/\/moirai.si\/?post_type=product&#038;p=17610"},"modified":"2025-08-19T20:21:27","modified_gmt":"2025-08-19T20:21:27","slug":"versy-jaspis-provincijski-13","status":"publish","type":"product","link":"https:\/\/moirai.si\/hr\/izdelek\/versy-jaspis-pokrajinski-13\/","title":{"rendered":"Versy Zemljani jaspis"},"content":{"rendered":"<p>Unikatni privjesak kolekcije Versy Zemljani Jaspis na crni ko\u017ei sa srebrnom 925 kop\u010dom. <\/p>\n<p>Vi\u0161e informacija: <a href=\"https:\/\/moirai.si\/hr\/jaspis\/\" target=\"_blank\" rel=\"noopener noreferrer\">Jaspis<\/a><\/p>\n<p>MATERIJAL: Zemljani jaspis, crna ko\u017ea, srebro 925<br \/>\nDU\u017dINA RAMENA: 50 cm<br \/>\nTE\u017dINA: 24,2 g<br \/>\nVELI\u010cINA KAMENA: 3,4-4,3 cm<br \/>\nDEBLJINA KAMENA: 1,3 cm<\/p>","protected":false},"excerpt":{"rendered":"<p>Unikaten obesek kolekcije Versy iz Pokrajinskega Jaspisa na \u010drnem usnjenem traku s srebrno 925 zaponko. \u010ce \u017eelite imeti dalj\u0161i oz. kraj\u0161i usnjeni trak nam to napi\u0161ite v opombo pri naro\u010dilu. Ve\u010d informacij: Jaspis MATERIAL: Pokrajinski Jaspis, \u010drno usnje, srebro 925 DOL\u017dINA TRAKU: 50 cm TE\u017dA: 24.2 g VELIKOST KAMNA: 3.4-4.3 cm DEBELINA KAMNA: 1.3 cm<\/p>","protected":false},"featured_media":25537,"template":"","meta":[],"product_brand":[],"product_cat":[47,910,309],"product_tag":[648,516,371],"class_list":{"0":"post-17610","1":"product","2":"type-product","3":"status-publish","4":"has-post-thumbnail","6":"product_cat-jaspis","7":"product_cat-obeski-in-srebro","8":"product_cat-versy","9":"product_tag-crno-usnje","10":"product_tag-pokrajinski-jaspis","11":"product_tag-srebro-925","13":"first","14":"instock","15":"shipping-taxable","16":"purchasable","17":"product-type-simple"},"_links":{"self":[{"href":"https:\/\/moirai.si\/hr\/wp-json\/wp\/v2\/product\/17610","targetHints":{"allow":["GET"]}}],"collection":[{"href":"https:\/\/moirai.si\/hr\/wp-json\/wp\/v2\/product"}],"about":[{"href":"https:\/\/moirai.si\/hr\/wp-json\/wp\/v2\/types\/product"}],"wp:featuredmedia":[{"embeddable":true,"href":"https:\/\/moirai.si\/hr\/wp-json\/wp\/v2\/media\/25537"}],"wp:attachment":[{"href":"https:\/\/moirai.si\/hr\/wp-json\/wp\/v2\/media?parent=17610"}],"wp:term":[{"taxonomy":"product_brand","embeddable":true,"href":"https:\/\/moirai.si\/hr\/wp-json\/wp\/v2\/product_brand?post=17610"},{"taxonomy":"product_cat","embeddable":true,"href":"https:\/\/moirai.si\/hr\/wp-json\/wp\/v2\/product_cat?post=17610"},{"taxonomy":"product_tag","embeddable":true,"href":"https:\/\/moirai.si\/hr\/wp-json\/wp\/v2\/product_tag?post=17610"}],"curies":[{"name":"wp","href":"https:\/\/api.w.org\/{rel}","templated":true}]}}