{"id":17643,"date":"2020-10-29T12:51:58","date_gmt":"2020-10-29T12:51:58","guid":{"rendered":"https:\/\/moirai.si\/?post_type=product&#038;p=17643"},"modified":"2025-06-18T13:02:59","modified_gmt":"2025-06-18T13:02:59","slug":"verzalni-heliotrop-21","status":"publish","type":"product","link":"https:\/\/moirai.si\/hr\/izdelek\/versy-heliotrop-21\/","title":{"rendered":"Versy Heliotrop"},"content":{"rendered":"<p>Unikatni privjesak kolekcije Versy Heliotrop na crni ko\u017ei sa srebrnom 925 kop\u010dom. <\/p>\n<p>Vi\u0161e informacija: <a href=\"https:\/\/moirai.si\/hr\/heliotrop\/\" target=\"_blank\" rel=\"noopener noreferrer\">Heliotrop<\/a><\/p>\n<p>MATERIJAL: Heliotrop, crna ko\u017ea, srebro 925<br \/>\nDU\u017dINA RAMENA: 50 cm<br \/>\nTE\u017dINA: 17,6 g<br \/>\nVELI\u010cINA KAMENA: 2,5-2,9 cm<br \/>\nDEBLJINA KAMENA: 1,2 cm<\/p>","protected":false},"excerpt":{"rendered":"<p>Unikaten obesek kolekcije Versy iz Heliotropa na \u010drnem usnjenem traku s srebrno 925 zaponko. \u010ce \u017eelite imeti dalj\u0161i oz. kraj\u0161i usnjeni trak nam to napi\u0161ite v opombo pri naro\u010dilu. Ve\u010d informacij: Heliotrop MATERIAL: Heliotrop, \u010drno usnje, srebro 925 DOL\u017dINA TRAKU: 50 cm TE\u017dA: 17.6 g VELIKOST KAMNA: 2.5-2.9 cm DEBELINA KAMNA: 1,2 cm<\/p>","protected":false},"featured_media":25534,"template":"","meta":[],"product_brand":[],"product_cat":[518,910,309],"product_tag":[648,486,371],"class_list":{"0":"post-17643","1":"product","2":"type-product","3":"status-publish","4":"has-post-thumbnail","6":"product_cat-heliotrop","7":"product_cat-obeski-in-srebro","8":"product_cat-versy","9":"product_tag-crno-usnje","10":"product_tag-heliotrop","11":"product_tag-srebro-925","13":"first","14":"instock","15":"shipping-taxable","16":"purchasable","17":"product-type-simple"},"_links":{"self":[{"href":"https:\/\/moirai.si\/hr\/wp-json\/wp\/v2\/product\/17643","targetHints":{"allow":["GET"]}}],"collection":[{"href":"https:\/\/moirai.si\/hr\/wp-json\/wp\/v2\/product"}],"about":[{"href":"https:\/\/moirai.si\/hr\/wp-json\/wp\/v2\/types\/product"}],"wp:featuredmedia":[{"embeddable":true,"href":"https:\/\/moirai.si\/hr\/wp-json\/wp\/v2\/media\/25534"}],"wp:attachment":[{"href":"https:\/\/moirai.si\/hr\/wp-json\/wp\/v2\/media?parent=17643"}],"wp:term":[{"taxonomy":"product_brand","embeddable":true,"href":"https:\/\/moirai.si\/hr\/wp-json\/wp\/v2\/product_brand?post=17643"},{"taxonomy":"product_cat","embeddable":true,"href":"https:\/\/moirai.si\/hr\/wp-json\/wp\/v2\/product_cat?post=17643"},{"taxonomy":"product_tag","embeddable":true,"href":"https:\/\/moirai.si\/hr\/wp-json\/wp\/v2\/product_tag?post=17643"}],"curies":[{"name":"wp","href":"https:\/\/api.w.org\/{rel}","templated":true}]}}