{"id":17659,"date":"2020-10-29T13:29:56","date_gmt":"2020-10-29T13:29:56","guid":{"rendered":"https:\/\/moirai.si\/?post_type=product&#038;p=17659"},"modified":"2025-06-18T13:04:24","modified_gmt":"2025-06-18T13:04:24","slug":"versy-snijeg-od-opsidijana-10","status":"publish","type":"product","link":"https:\/\/moirai.si\/hr\/izdelek\/versy-obsidijan-snezni-10\/","title":{"rendered":"Versy opsidijan snje\u017eni"},"content":{"rendered":"<p>Unikatni privjesak kolekcije Versy Opsidijan snje\u017eni na crni ko\u017ei sa srebrnom 925 kop\u010dom. <\/p>\n<p>Vi\u0161e informacija: <a href=\"https:\/\/moirai.si\/hr\/opsidijan-2\/\" target=\"_blank\" rel=\"noopener noreferrer\">Opsidijan<\/a><\/p>\n<p>MATERIJAL: Snje\u017eni opsidijan, crna ko\u017ea, srebro 925<br \/>\nDU\u017dINA RAMENA: 50 cm<br \/>\nTE\u017dINA: 10,7 g<br \/>\nVELI\u010cINA KAMENA: 2,7-2,7 cm<br \/>\nDEBLJINA KAMENA: 0,8 cm<\/p>","protected":false},"excerpt":{"rendered":"<p>Unikaten obesek kolekcije Versy iz Sne\u017enega Obsidijana na \u010drnem usnjenem traku s srebrno 925 zaponko. \u010ce \u017eelite imeti dalj\u0161i oz. kraj\u0161i usnjeni trak nam to napi\u0161ite v opombo pri naro\u010dilu. Ve\u010d informacij: Obsidijan MATERIAL: Sne\u017eni Obsidijan, \u010drno usnje, srebro 925 DOL\u017dINA TRAKU: 50 cm TE\u017dA: 10.7 g VELIKOST KAMNA: 2.7-2.7 cm DEBELINA KAMNA: 0.8 cm<\/p>","protected":false},"featured_media":25529,"template":"","meta":[],"product_brand":[],"product_cat":[910,63,309],"product_tag":[648,226,371],"class_list":{"0":"post-17659","1":"product","2":"type-product","3":"status-publish","4":"has-post-thumbnail","6":"product_cat-obeski-in-srebro","7":"product_cat-obsidijan","8":"product_cat-versy","9":"product_tag-crno-usnje","10":"product_tag-snezni-obsidijan","11":"product_tag-srebro-925","13":"first","14":"instock","15":"shipping-taxable","16":"purchasable","17":"product-type-simple"},"_links":{"self":[{"href":"https:\/\/moirai.si\/hr\/wp-json\/wp\/v2\/product\/17659","targetHints":{"allow":["GET"]}}],"collection":[{"href":"https:\/\/moirai.si\/hr\/wp-json\/wp\/v2\/product"}],"about":[{"href":"https:\/\/moirai.si\/hr\/wp-json\/wp\/v2\/types\/product"}],"wp:featuredmedia":[{"embeddable":true,"href":"https:\/\/moirai.si\/hr\/wp-json\/wp\/v2\/media\/25529"}],"wp:attachment":[{"href":"https:\/\/moirai.si\/hr\/wp-json\/wp\/v2\/media?parent=17659"}],"wp:term":[{"taxonomy":"product_brand","embeddable":true,"href":"https:\/\/moirai.si\/hr\/wp-json\/wp\/v2\/product_brand?post=17659"},{"taxonomy":"product_cat","embeddable":true,"href":"https:\/\/moirai.si\/hr\/wp-json\/wp\/v2\/product_cat?post=17659"},{"taxonomy":"product_tag","embeddable":true,"href":"https:\/\/moirai.si\/hr\/wp-json\/wp\/v2\/product_tag?post=17659"}],"curies":[{"name":"wp","href":"https:\/\/api.w.org\/{rel}","templated":true}]}}