{"id":17716,"date":"2020-11-05T12:00:44","date_gmt":"2020-11-05T12:00:44","guid":{"rendered":"https:\/\/moirai.si\/?post_type=product&#038;p=17716"},"modified":"2024-07-18T14:46:11","modified_gmt":"2024-07-18T14:46:11","slug":"versy-lapis-lazuli-23","status":"publish","type":"product","link":"https:\/\/moirai.si\/hr\/izdelek\/versy-lapis-lazuli-23\/","title":{"rendered":"Versy Lapis Lazuli"},"content":{"rendered":"<p>Unikatan privjesak kolekcije Versy Lapis Lazuli na crni ko\u017ei podesive duljine (povucite \u010dvor gore ili dolje). Ogrlica je unisex i pogodna je za djecu i odrasle. <\/p>\n<p>Vi\u0161e informacija: <a href=\"https:\/\/moirai.si\/hr\/lapis-lazuli\/\" target=\"_blank\" rel=\"noopener noreferrer\">Lapis Lazuli<\/a><\/p>\n<p>MATERIAL: Lapis Lazuli, crna ko\u017ea<br \/>\nDU\u017dINA: podesiva (38-77 cm)<br \/>\nTE\u017dINA: 9,3 g<br \/>\nVELIKOST KAMNA: 1.3-1.5 cm<br \/>\nDEBLJINA KAMENA: 1,1 cm<\/p>","protected":false},"excerpt":{"rendered":"<p>Unikaten obesek kolekcije Versy iz Lapis Lazulija na \u010drnem usnjenem traku s prilagodljivo dol\u017eino (poteg vozla gor oz. dol). Ogrlica je unisex in je primerna za otroke in odrasle. Ve\u010d informacij: Lapis Lazuli MATERIAL: Lapis Lazuli, \u010drno usnje DOL\u017dINA: prilagodljiva (38-77 cm) TE\u017dA: 9.3 g VELIKOST KAMNA: 1.3-1.5 cm DEBELINA KAMNA: 1.1 cm<\/p>","protected":false},"featured_media":24936,"template":"","meta":[],"product_brand":[],"product_cat":[55,92,309],"product_tag":[648,280],"class_list":{"0":"post-17716","1":"product","2":"type-product","3":"status-publish","4":"has-post-thumbnail","6":"product_cat-lapis-lazuli","7":"product_cat-obeski-in-usnje","8":"product_cat-versy","9":"product_tag-crno-usnje","10":"product_tag-lapis-lazuli","12":"first","13":"instock","14":"shipping-taxable","15":"purchasable","16":"product-type-simple"},"_links":{"self":[{"href":"https:\/\/moirai.si\/hr\/wp-json\/wp\/v2\/product\/17716","targetHints":{"allow":["GET"]}}],"collection":[{"href":"https:\/\/moirai.si\/hr\/wp-json\/wp\/v2\/product"}],"about":[{"href":"https:\/\/moirai.si\/hr\/wp-json\/wp\/v2\/types\/product"}],"wp:featuredmedia":[{"embeddable":true,"href":"https:\/\/moirai.si\/hr\/wp-json\/wp\/v2\/media\/24936"}],"wp:attachment":[{"href":"https:\/\/moirai.si\/hr\/wp-json\/wp\/v2\/media?parent=17716"}],"wp:term":[{"taxonomy":"product_brand","embeddable":true,"href":"https:\/\/moirai.si\/hr\/wp-json\/wp\/v2\/product_brand?post=17716"},{"taxonomy":"product_cat","embeddable":true,"href":"https:\/\/moirai.si\/hr\/wp-json\/wp\/v2\/product_cat?post=17716"},{"taxonomy":"product_tag","embeddable":true,"href":"https:\/\/moirai.si\/hr\/wp-json\/wp\/v2\/product_tag?post=17716"}],"curies":[{"name":"wp","href":"https:\/\/api.w.org\/{rel}","templated":true}]}}