{"id":17864,"date":"2020-11-13T14:29:55","date_gmt":"2020-11-13T14:29:55","guid":{"rendered":"https:\/\/moirai.si\/?post_type=product&#038;p=17864"},"modified":"2025-01-03T10:23:21","modified_gmt":"2025-01-03T10:23:21","slug":"versy-jaspis-pokrajinski-17","status":"publish","type":"product","link":"https:\/\/moirai.si\/hr\/izdelek\/versy-jaspis-pokrajinski-17\/","title":{"rendered":"Versy Zemljani jaspis"},"content":{"rendered":"<p>Jedinstveni privjesak iz Versy kolekcije izra\u0111en od provincijskog jaspisa na crnom ko\u017enom remenu s podesivom duljinom (povucite \u010dvor gore ili dolje). Ogrlica je unisex i prikladna za djecu i odrasle. <\/p>\n<p>Vi\u0161e informacija: <a href=\"https:\/\/moirai.si\/hr\/jaspis\/\" target=\"_blank\" rel=\"noopener noreferrer\">Jaspis <\/a><\/p>\n<p>MATERIJAL: Provincijski jaspis, crna ko\u017ea<br \/>\nDU\u017dINA: podesiva (38-77 cm)<br \/>\nTE\u017dINA: 10,3 g<br \/>\nVELIKOST KAMNA: 1.9-3.2 cm<br \/>\nDEBLJINA KAMENA: 1 cm<\/p>","protected":false},"excerpt":{"rendered":"<p>Unikaten obesek kolekcije Versy iz Pokrajinskega Jaspisa na \u010drnem usnjenem traku s prilagodljivo dol\u017eino (poteg vozla gor oz. dol). Ogrlica je unisex in je primerna za otroke in odrasle. Ve\u010d informacij: Jaspis MATERIAL: Pokrajinski Jaspis, \u010drno usnje DOL\u017dINA: prilagodljiva (38-77 cm) TE\u017dA: 10.3 g VELIKOST KAMNA: 1.9-3.2 cm DEBELINA KAMNA: 1 cm<\/p>","protected":false},"featured_media":17865,"template":"","meta":[],"product_brand":[],"product_cat":[47,92,309],"product_tag":[648,516],"class_list":{"0":"post-17864","1":"product","2":"type-product","3":"status-publish","4":"has-post-thumbnail","6":"product_cat-jaspis","7":"product_cat-obeski-in-usnje","8":"product_cat-versy","9":"product_tag-crno-usnje","10":"product_tag-pokrajinski-jaspis","12":"first","13":"instock","14":"shipping-taxable","15":"purchasable","16":"product-type-simple"},"_links":{"self":[{"href":"https:\/\/moirai.si\/hr\/wp-json\/wp\/v2\/product\/17864","targetHints":{"allow":["GET"]}}],"collection":[{"href":"https:\/\/moirai.si\/hr\/wp-json\/wp\/v2\/product"}],"about":[{"href":"https:\/\/moirai.si\/hr\/wp-json\/wp\/v2\/types\/product"}],"wp:featuredmedia":[{"embeddable":true,"href":"https:\/\/moirai.si\/hr\/wp-json\/wp\/v2\/media\/17865"}],"wp:attachment":[{"href":"https:\/\/moirai.si\/hr\/wp-json\/wp\/v2\/media?parent=17864"}],"wp:term":[{"taxonomy":"product_brand","embeddable":true,"href":"https:\/\/moirai.si\/hr\/wp-json\/wp\/v2\/product_brand?post=17864"},{"taxonomy":"product_cat","embeddable":true,"href":"https:\/\/moirai.si\/hr\/wp-json\/wp\/v2\/product_cat?post=17864"},{"taxonomy":"product_tag","embeddable":true,"href":"https:\/\/moirai.si\/hr\/wp-json\/wp\/v2\/product_tag?post=17864"}],"curies":[{"name":"wp","href":"https:\/\/api.w.org\/{rel}","templated":true}]}}