{"id":17888,"date":"2020-11-13T16:15:26","date_gmt":"2020-11-13T16:15:26","guid":{"rendered":"https:\/\/moirai.si\/?post_type=product&#038;p=17888"},"modified":"2025-01-03T10:25:01","modified_gmt":"2025-01-03T10:25:01","slug":"versy-kamena-strela-4","status":"publish","type":"product","link":"https:\/\/moirai.si\/hr\/izdelek\/versy-kamena-strela-4\/","title":{"rendered":"Versy Gorski kristal"},"content":{"rendered":"<p>Unikatan privjesak kolekcije Versy Gorski Kristal na crni ko\u017ei podesive duljine (povucite \u010dvor gore ili dolje). Ogrlica je unisex i pogodna je za djecu i odrasle. <\/p>\n<p>Vi\u0161e informacija: <a href=\"https:\/\/moirai.si\/hr\/gorski-kristal\/\" target=\"_blank\" rel=\"noopener noreferrer\">Gorski Kristal<\/a><\/p>\n<p>MATERIAL: Kamena Strela (Gorski kristal), \u010drno usnje<br \/>\nDU\u017dINA: podesiva (38-77 cm)<br \/>\nTE\u017dA: 9.9 g<br \/>\nVELIKOST KAMNA: 1.5-3.1 cm<br \/>\nDEBLJINA KAMENA: 0,9 cm<\/p>","protected":false},"excerpt":{"rendered":"<p>Unikaten obesek kolekcije Versy iz Kamene Strele na \u010drnem usnjenem traku s prilagodljivo dol\u017eino (poteg vozla gor oz. dol). Ogrlica je unisex in je primerna za otroke in odrasle. Ve\u010d informacij: Kamena Strela MATERIAL: Kamena Strela (Gorski kristal), \u010drno usnje DOL\u017dINA: prilagodljiva (38-77 cm) TE\u017dA: 9.9 g VELIKOST KAMNA: 1.5-3.1 cm DEBELINA KAMNA: 0.9 cm<\/p>","protected":false},"featured_media":17889,"template":"","meta":[],"product_brand":[],"product_cat":[68,92,309],"product_tag":[648,690],"class_list":{"0":"post-17888","1":"product","2":"type-product","3":"status-publish","4":"has-post-thumbnail","6":"product_cat-kamena-strela","7":"product_cat-obeski-in-usnje","8":"product_cat-versy","9":"product_tag-crno-usnje","10":"product_tag-kamena-strela-gorski-kristal","12":"first","13":"instock","14":"shipping-taxable","15":"purchasable","16":"product-type-simple"},"_links":{"self":[{"href":"https:\/\/moirai.si\/hr\/wp-json\/wp\/v2\/product\/17888","targetHints":{"allow":["GET"]}}],"collection":[{"href":"https:\/\/moirai.si\/hr\/wp-json\/wp\/v2\/product"}],"about":[{"href":"https:\/\/moirai.si\/hr\/wp-json\/wp\/v2\/types\/product"}],"wp:featuredmedia":[{"embeddable":true,"href":"https:\/\/moirai.si\/hr\/wp-json\/wp\/v2\/media\/17889"}],"wp:attachment":[{"href":"https:\/\/moirai.si\/hr\/wp-json\/wp\/v2\/media?parent=17888"}],"wp:term":[{"taxonomy":"product_brand","embeddable":true,"href":"https:\/\/moirai.si\/hr\/wp-json\/wp\/v2\/product_brand?post=17888"},{"taxonomy":"product_cat","embeddable":true,"href":"https:\/\/moirai.si\/hr\/wp-json\/wp\/v2\/product_cat?post=17888"},{"taxonomy":"product_tag","embeddable":true,"href":"https:\/\/moirai.si\/hr\/wp-json\/wp\/v2\/product_tag?post=17888"}],"curies":[{"name":"wp","href":"https:\/\/api.w.org\/{rel}","templated":true}]}}