{"id":17965,"date":"2020-11-25T15:17:06","date_gmt":"2020-11-25T15:17:06","guid":{"rendered":"https:\/\/moirai.si\/?post_type=product&#038;p=17965"},"modified":"2025-01-13T14:49:48","modified_gmt":"2025-01-13T14:49:48","slug":"macrame-kamena-strela-6","status":"publish","type":"product","link":"https:\/\/moirai.si\/hr\/izdelek\/macrame-kamena-strela-6\/","title":{"rendered":"Macrame Gorski kristal"},"content":{"rendered":"<p>Unisex zapestnica kolekcije Macrame, ki je narejena iz fasetirane Kamene Strele. Zapestnica je prilagodljiva in enostavna za no\u0161enje. <\/p>\n<p>Vi\u0161e informacija: <a href=\"https:\/\/moirai.si\/hr\/gorski-kristal\/\" target=\"_blank\" rel=\"noopener noreferrer\">Gorski Kristal<\/a><\/p>\n<p>MATERIAL: fasetirana Kamena Strela<br \/>\nDU\u017dINA: podesiva od 16-25cm<br \/>\nTE\u017dA:\t13.5 g<br \/>\nVELI\u010cINA KAMENA: 6-10 mm<\/p>","protected":false},"excerpt":{"rendered":"<p>Unisex zapestnica kolekcije Macrame, ki je narejena iz fasetirane Kamene Strele. Zapestnica je prilagodljiva in enostavna za no\u0161enje. Ve\u010d informacij: Kamena Strela MATERIAL: fasetirana Kamena Strela DOL\u017dINA: prilagodljiva od 16-25cm TE\u017dA: 13.5 g VELIKOST KAMNOV: 6-10 mm<\/p>","protected":false},"featured_media":17966,"template":"","meta":[],"product_brand":[],"product_cat":[820,68,212,821,822,823,1137],"product_tag":[295],"class_list":{"0":"post-17965","1":"product","2":"type-product","3":"status-publish","4":"has-post-thumbnail","6":"product_cat-do-18cm","7":"product_cat-kamena-strela","8":"product_cat-macrame-2","9":"product_cat-od-18-do-19cm","10":"product_cat-od-19-do-20cm","11":"product_cat-od-20cm","12":"product_cat-ogled-vseh-zapestnice-2","13":"product_tag-fasetirana-kamena-strela","15":"first","16":"instock","17":"shipping-taxable","18":"purchasable","19":"product-type-simple"},"_links":{"self":[{"href":"https:\/\/moirai.si\/hr\/wp-json\/wp\/v2\/product\/17965","targetHints":{"allow":["GET"]}}],"collection":[{"href":"https:\/\/moirai.si\/hr\/wp-json\/wp\/v2\/product"}],"about":[{"href":"https:\/\/moirai.si\/hr\/wp-json\/wp\/v2\/types\/product"}],"wp:featuredmedia":[{"embeddable":true,"href":"https:\/\/moirai.si\/hr\/wp-json\/wp\/v2\/media\/17966"}],"wp:attachment":[{"href":"https:\/\/moirai.si\/hr\/wp-json\/wp\/v2\/media?parent=17965"}],"wp:term":[{"taxonomy":"product_brand","embeddable":true,"href":"https:\/\/moirai.si\/hr\/wp-json\/wp\/v2\/product_brand?post=17965"},{"taxonomy":"product_cat","embeddable":true,"href":"https:\/\/moirai.si\/hr\/wp-json\/wp\/v2\/product_cat?post=17965"},{"taxonomy":"product_tag","embeddable":true,"href":"https:\/\/moirai.si\/hr\/wp-json\/wp\/v2\/product_tag?post=17965"}],"curies":[{"name":"wp","href":"https:\/\/api.w.org\/{rel}","templated":true}]}}