{"id":17967,"date":"2020-11-26T10:19:17","date_gmt":"2020-11-26T10:19:17","guid":{"rendered":"https:\/\/moirai.si\/?post_type=product&#038;p=17967"},"modified":"2026-04-19T20:27:36","modified_gmt":"2026-04-19T20:27:36","slug":"makrame-mix-cakra","status":"publish","type":"product","link":"https:\/\/moirai.si\/hr\/izdelek\/macrame-mix-cakra\/","title":{"rendered":"Macrame Mix \u010cakra"},"content":{"rendered":"<p>Unisex narukvica iz Macrame kolekcije koja je izra\u0111ena od raznih kamen\u010di\u0107a. Narukvica je fleksibilna i laka za no\u0161enje. <\/p>\n<p>MATERIAL: \u010drni Turmalin, zlati Obsidijan, Kamena Strela, Mese\u010dev Kamen, Oran\u017eni Kalcit, Karneol, Ro\u017eevec, Ametist, Aventurin, Mahovni Ahat, Amazonit, Lapis Lazuli, Ahat, dimni Kvarc, Hematit<br \/>\nDU\u017dINA: podesiva od 16-25cm<br \/>\nTE\u017dINA: 12,8 g<br \/>\nVELI\u010cINA KAMENA: 6 mm<\/p>","protected":false},"excerpt":{"rendered":"<p>Unisex zapestnica kolekcije Macrame, ki je narejena iz razli\u010dnih kamnov. Zapestnica je prilagodljiva in enostavna za no\u0161enje. MATERIAL: \u010drni Turmalin, zlati Obsidijan, Kamena Strela, Mese\u010dev Kamen, Oran\u017eni Kalcit, Karneol, Ro\u017eevec, Ametist, Aventurin, Mahovni Ahat, Amazonit, Lapis Lazuli, Ahat, dimni Kvarc, Hematit DOL\u017dINA: prilagodljiva od 16-25cm TE\u017dA: 12,8 g VELIKOST KAMNOV: 6 mm<\/p>","protected":false},"featured_media":26271,"template":"","meta":[],"product_brand":[],"product_cat":[30,32,33,31,820,42,747,68,48,848,55,212,59,63,821,822,823,1137,69,85],"product_tag":[277,228,195,200,766,365,202,203,198,280,775,366,741,225,841],"class_list":{"0":"post-17967","1":"product","2":"type-product","3":"status-publish","4":"has-post-thumbnail","6":"product_cat-ahat","7":"product_cat-amazonit","8":"product_cat-ametist","9":"product_cat-aventurin","10":"product_cat-do-18cm","11":"product_cat-hematit","12":"product_cat-kalcit","13":"product_cat-kamena-strela","14":"product_cat-karneol","15":"product_cat-kvarc","16":"product_cat-lapis-lazuli","17":"product_cat-macrame-2","18":"product_cat-mesecev-kamen","19":"product_cat-obsidijan","20":"product_cat-od-18-do-19cm","21":"product_cat-od-19-do-20cm","22":"product_cat-od-20cm","23":"product_cat-ogled-vseh-zapestnice-2","24":"product_cat-rozevec","25":"product_cat-turmalin","26":"product_tag-ahat","27":"product_tag-amazonit","28":"product_tag-ametist","29":"product_tag-aventurin","30":"product_tag-crni-turmalin","31":"product_tag-dimni-kvarc","32":"product_tag-hematit","33":"product_tag-kamena-strela","34":"product_tag-karneol","35":"product_tag-lapis-lazuli","36":"product_tag-mahovni-ahat","37":"product_tag-mesecev-kamen","38":"product_tag-oranzni-kalcit","39":"product_tag-rozevec","40":"product_tag-zlati-obsidijan","42":"first","43":"instock","44":"shipping-taxable","45":"purchasable","46":"product-type-simple"},"_links":{"self":[{"href":"https:\/\/moirai.si\/hr\/wp-json\/wp\/v2\/product\/17967","targetHints":{"allow":["GET"]}}],"collection":[{"href":"https:\/\/moirai.si\/hr\/wp-json\/wp\/v2\/product"}],"about":[{"href":"https:\/\/moirai.si\/hr\/wp-json\/wp\/v2\/types\/product"}],"wp:featuredmedia":[{"embeddable":true,"href":"https:\/\/moirai.si\/hr\/wp-json\/wp\/v2\/media\/26271"}],"wp:attachment":[{"href":"https:\/\/moirai.si\/hr\/wp-json\/wp\/v2\/media?parent=17967"}],"wp:term":[{"taxonomy":"product_brand","embeddable":true,"href":"https:\/\/moirai.si\/hr\/wp-json\/wp\/v2\/product_brand?post=17967"},{"taxonomy":"product_cat","embeddable":true,"href":"https:\/\/moirai.si\/hr\/wp-json\/wp\/v2\/product_cat?post=17967"},{"taxonomy":"product_tag","embeddable":true,"href":"https:\/\/moirai.si\/hr\/wp-json\/wp\/v2\/product_tag?post=17967"}],"curies":[{"name":"wp","href":"https:\/\/api.w.org\/{rel}","templated":true}]}}