{"id":17975,"date":"2020-11-26T10:43:42","date_gmt":"2020-11-26T10:43:42","guid":{"rendered":"https:\/\/moirai.si\/?post_type=product&#038;p=17975"},"modified":"2025-01-13T14:49:16","modified_gmt":"2025-01-13T14:49:16","slug":"macrame-sardoniks","status":"publish","type":"product","link":"https:\/\/moirai.si\/hr\/izdelek\/macrame-sardoniks\/","title":{"rendered":"Macrame Sardonyx"},"content":{"rendered":"<p>Unisex zapestnica kolekcije Macrame, ki je narejena iz Sardoniksa. Zapestnica je prilagodljiva in enostavna za no\u0161enje. <\/p>\n<p>MATERIAL: Sardoniks<br \/>\nDU\u017dINA: podesiva od 16-25cm<br \/>\nTE\u017dINA: 11,2 g<br \/>\nVELI\u010cINA KAMENA: 6-8 mm<\/p>","protected":false},"excerpt":{"rendered":"<p>Unisex zapestnica kolekcije Macrame, ki je narejena iz Sardoniksa. Zapestnica je prilagodljiva in enostavna za no\u0161enje. MATERIAL: Sardoniks DOL\u017dINA: prilagodljiva od 16-25cm TE\u017dA: 11.2 g VELIKOST KAMNOV: 6-8 mm<\/p>","protected":false},"featured_media":17976,"template":"","meta":[],"product_brand":[],"product_cat":[820,212,821,822,823,1137],"product_tag":[544],"class_list":{"0":"post-17975","1":"product","2":"type-product","3":"status-publish","4":"has-post-thumbnail","6":"product_cat-do-18cm","7":"product_cat-macrame-2","8":"product_cat-od-18-do-19cm","9":"product_cat-od-19-do-20cm","10":"product_cat-od-20cm","11":"product_cat-ogled-vseh-zapestnice-2","12":"product_tag-sardoniks","14":"first","15":"instock","16":"shipping-taxable","17":"purchasable","18":"product-type-simple"},"_links":{"self":[{"href":"https:\/\/moirai.si\/hr\/wp-json\/wp\/v2\/product\/17975","targetHints":{"allow":["GET"]}}],"collection":[{"href":"https:\/\/moirai.si\/hr\/wp-json\/wp\/v2\/product"}],"about":[{"href":"https:\/\/moirai.si\/hr\/wp-json\/wp\/v2\/types\/product"}],"wp:featuredmedia":[{"embeddable":true,"href":"https:\/\/moirai.si\/hr\/wp-json\/wp\/v2\/media\/17976"}],"wp:attachment":[{"href":"https:\/\/moirai.si\/hr\/wp-json\/wp\/v2\/media?parent=17975"}],"wp:term":[{"taxonomy":"product_brand","embeddable":true,"href":"https:\/\/moirai.si\/hr\/wp-json\/wp\/v2\/product_brand?post=17975"},{"taxonomy":"product_cat","embeddable":true,"href":"https:\/\/moirai.si\/hr\/wp-json\/wp\/v2\/product_cat?post=17975"},{"taxonomy":"product_tag","embeddable":true,"href":"https:\/\/moirai.si\/hr\/wp-json\/wp\/v2\/product_tag?post=17975"}],"curies":[{"name":"wp","href":"https:\/\/api.w.org\/{rel}","templated":true}]}}