{"id":17981,"date":"2020-11-26T10:53:14","date_gmt":"2020-11-26T10:53:14","guid":{"rendered":"https:\/\/moirai.si\/?post_type=product&#038;p=17981"},"modified":"2025-01-13T14:49:07","modified_gmt":"2025-01-13T14:49:07","slug":"mjesavina-za-makrame-28","status":"publish","type":"product","link":"https:\/\/moirai.si\/hr\/izdelek\/macrame-mix-28\/","title":{"rendered":"Macrame Mix"},"content":{"rendered":"<p>Unisex narukvica iz kolekcije Macrame, izra\u0111ena od raznog kamenja. Narukvica je podesiva i jednostavna za no\u0161enje. Slika je simboli\u010dna. Mogu\u0107a su manja odstupanja u boji.<\/p>\n<p>MATERIJAL: Hematit, Oniks, Snje\u017eni opsidijan<br \/>\nDU\u017dINA: podesiva od 16-25cm<br \/>\nTE\u017dINA: 9,1 g<br \/>\nVELI\u010cINA KAMENA: 6 mm<\/p>","protected":false},"excerpt":{"rendered":"<p>Unisex zapestnica kolekcije Macrame, ki je narejena iz razli\u010dnih kamnov. Zapestnica je prilagodljiva in enostavna za no\u0161enje. Slika je simboli\u010dna. Mo\u017ena so manj\u0161a odstopanja v barvi. MATERIAL: Hematit, Oniks, Sne\u017eni Obsidijan DOL\u017dINA: prilagodljiva od 16-25cm TE\u017dA: 9.1 g VELIKOST KAMNOV: 6 mm<\/p>","protected":false},"featured_media":17982,"template":"","meta":[],"product_brand":[],"product_cat":[820,42,212,63,821,822,823,1137,62],"product_tag":[202,206,226],"class_list":{"0":"post-17981","1":"product","2":"type-product","3":"status-publish","4":"has-post-thumbnail","6":"product_cat-do-18cm","7":"product_cat-hematit","8":"product_cat-macrame-2","9":"product_cat-obsidijan","10":"product_cat-od-18-do-19cm","11":"product_cat-od-19-do-20cm","12":"product_cat-od-20cm","13":"product_cat-ogled-vseh-zapestnice-2","14":"product_cat-oniks","15":"product_tag-hematit","16":"product_tag-oniks","17":"product_tag-snezni-obsidijan","19":"first","20":"instock","21":"shipping-taxable","22":"purchasable","23":"product-type-simple"},"_links":{"self":[{"href":"https:\/\/moirai.si\/hr\/wp-json\/wp\/v2\/product\/17981","targetHints":{"allow":["GET"]}}],"collection":[{"href":"https:\/\/moirai.si\/hr\/wp-json\/wp\/v2\/product"}],"about":[{"href":"https:\/\/moirai.si\/hr\/wp-json\/wp\/v2\/types\/product"}],"wp:featuredmedia":[{"embeddable":true,"href":"https:\/\/moirai.si\/hr\/wp-json\/wp\/v2\/media\/17982"}],"wp:attachment":[{"href":"https:\/\/moirai.si\/hr\/wp-json\/wp\/v2\/media?parent=17981"}],"wp:term":[{"taxonomy":"product_brand","embeddable":true,"href":"https:\/\/moirai.si\/hr\/wp-json\/wp\/v2\/product_brand?post=17981"},{"taxonomy":"product_cat","embeddable":true,"href":"https:\/\/moirai.si\/hr\/wp-json\/wp\/v2\/product_cat?post=17981"},{"taxonomy":"product_tag","embeddable":true,"href":"https:\/\/moirai.si\/hr\/wp-json\/wp\/v2\/product_tag?post=17981"}],"curies":[{"name":"wp","href":"https:\/\/api.w.org\/{rel}","templated":true}]}}