{"id":17993,"date":"2020-11-26T12:51:35","date_gmt":"2020-11-26T12:51:35","guid":{"rendered":"https:\/\/moirai.si\/?post_type=product&#038;p=17993"},"modified":"2025-01-13T14:48:39","modified_gmt":"2025-01-13T14:48:39","slug":"macrame-turkiz","status":"publish","type":"product","link":"https:\/\/moirai.si\/hr\/izdelek\/macrame-turkiz\/","title":{"rendered":"Macrame Tirkiz"},"content":{"rendered":"<p>Unisex zapestnica kolekcije Macrame, ki je narejena iz Turkiza. Zapestnica je prilagodljiva in enostavna za no\u0161enje. <\/p>\n<p>Vi\u0161e informacija: <a href=\"https:\/\/moirai.si\/hr\/tirkiz\/\" target=\"_blank\" rel=\"noopener noreferrer\">Tirkiz<\/a><\/p>\n<p>MATERIAL: Turkiz<br \/>\nDU\u017dINA: podesiva od 16-25cm<br \/>\nTE\u017dINA: 4,5 g<br \/>\nVELI\u010cINA KAMENI\u0106A: 5 mm<\/p>","protected":false},"excerpt":{"rendered":"<p>Unisex zapestnica kolekcije Macrame, ki je narejena iz Turkiza. Zapestnica je prilagodljiva in enostavna za no\u0161enje. Ve\u010d informacij: Turkiz MATERIAL: Turkiz DOL\u017dINA: prilagodljiva od 16-25cm TE\u017dA: 4.5 g VELIKOST KAMNOV: 5 mm<\/p>","protected":false},"featured_media":25004,"template":"","meta":[],"product_brand":[],"product_cat":[820,212,821,822,823,1137,82],"product_tag":[223],"class_list":{"0":"post-17993","1":"product","2":"type-product","3":"status-publish","4":"has-post-thumbnail","6":"product_cat-do-18cm","7":"product_cat-macrame-2","8":"product_cat-od-18-do-19cm","9":"product_cat-od-19-do-20cm","10":"product_cat-od-20cm","11":"product_cat-ogled-vseh-zapestnice-2","12":"product_cat-turkiz","13":"product_tag-turkiz","15":"first","16":"instock","17":"shipping-taxable","18":"purchasable","19":"product-type-simple"},"_links":{"self":[{"href":"https:\/\/moirai.si\/hr\/wp-json\/wp\/v2\/product\/17993","targetHints":{"allow":["GET"]}}],"collection":[{"href":"https:\/\/moirai.si\/hr\/wp-json\/wp\/v2\/product"}],"about":[{"href":"https:\/\/moirai.si\/hr\/wp-json\/wp\/v2\/types\/product"}],"wp:featuredmedia":[{"embeddable":true,"href":"https:\/\/moirai.si\/hr\/wp-json\/wp\/v2\/media\/25004"}],"wp:attachment":[{"href":"https:\/\/moirai.si\/hr\/wp-json\/wp\/v2\/media?parent=17993"}],"wp:term":[{"taxonomy":"product_brand","embeddable":true,"href":"https:\/\/moirai.si\/hr\/wp-json\/wp\/v2\/product_brand?post=17993"},{"taxonomy":"product_cat","embeddable":true,"href":"https:\/\/moirai.si\/hr\/wp-json\/wp\/v2\/product_cat?post=17993"},{"taxonomy":"product_tag","embeddable":true,"href":"https:\/\/moirai.si\/hr\/wp-json\/wp\/v2\/product_tag?post=17993"}],"curies":[{"name":"wp","href":"https:\/\/api.w.org\/{rel}","templated":true}]}}