{"id":18090,"date":"2020-12-08T10:03:48","date_gmt":"2020-12-08T10:03:48","guid":{"rendered":"https:\/\/moirai.si\/?post_type=product&#038;p=18090"},"modified":"2025-01-13T14:48:15","modified_gmt":"2025-01-13T14:48:15","slug":"macrame-mix-22","status":"publish","type":"product","link":"https:\/\/moirai.si\/hr\/izdelek\/macrame-mix-22\/","title":{"rendered":"Macrame Mix"},"content":{"rendered":"<p>Dvostruka narukvica Macrame kolekcije koja je izra\u0111ena od razli\u010ditih kamen\u010di\u0107a. <\/p>\n<p>MATERIAL: fasetiran Gorski Kristal, fasetiran Oniks, Oniks, fasetiran Hematit<br \/>\nDUL\u017dINA: podesiva35.5-37 cm (2x 17.75cm; 2x 18.25cm; 2\u00d718.5cm)<br \/>\nTE\u017dINA:\t19.3 g<br \/>\nVELI\u010cINA KAMENA: 6 mm<\/p>","protected":false},"excerpt":{"rendered":"<p>Dvojna zapestnica kolekcije Macrame, ki je narejena iz razli\u010dnih kamnov. MATERIAL: fasetirana Kamena Strela, fasetiran Oniks, Oniks, fasetiran Hematit DOL\u017dINA: prilagodljiva 35.5-37 cm (2x 17.75cm; 2x 18.25cm; 2&#215;18.5cm) TE\u017dA: 19.3 g VELIKOST KAMNOV: 6 mm<\/p>","protected":false},"featured_media":18091,"template":"","meta":[],"product_brand":[],"product_cat":[820,42,68,212,821,1137,62],"product_tag":[672,293,295,206],"class_list":{"0":"post-18090","1":"product","2":"type-product","3":"status-publish","4":"has-post-thumbnail","6":"product_cat-do-18cm","7":"product_cat-hematit","8":"product_cat-kamena-strela","9":"product_cat-macrame-2","10":"product_cat-od-18-do-19cm","11":"product_cat-ogled-vseh-zapestnice-2","12":"product_cat-oniks","13":"product_tag-fasetiran-hematit","14":"product_tag-fasetiran-oniks","15":"product_tag-fasetirana-kamena-strela","16":"product_tag-oniks","18":"first","19":"instock","20":"shipping-taxable","21":"purchasable","22":"product-type-simple"},"_links":{"self":[{"href":"https:\/\/moirai.si\/hr\/wp-json\/wp\/v2\/product\/18090","targetHints":{"allow":["GET"]}}],"collection":[{"href":"https:\/\/moirai.si\/hr\/wp-json\/wp\/v2\/product"}],"about":[{"href":"https:\/\/moirai.si\/hr\/wp-json\/wp\/v2\/types\/product"}],"wp:featuredmedia":[{"embeddable":true,"href":"https:\/\/moirai.si\/hr\/wp-json\/wp\/v2\/media\/18091"}],"wp:attachment":[{"href":"https:\/\/moirai.si\/hr\/wp-json\/wp\/v2\/media?parent=18090"}],"wp:term":[{"taxonomy":"product_brand","embeddable":true,"href":"https:\/\/moirai.si\/hr\/wp-json\/wp\/v2\/product_brand?post=18090"},{"taxonomy":"product_cat","embeddable":true,"href":"https:\/\/moirai.si\/hr\/wp-json\/wp\/v2\/product_cat?post=18090"},{"taxonomy":"product_tag","embeddable":true,"href":"https:\/\/moirai.si\/hr\/wp-json\/wp\/v2\/product_tag?post=18090"}],"curies":[{"name":"wp","href":"https:\/\/api.w.org\/{rel}","templated":true}]}}