{"id":18700,"date":"2021-01-29T10:23:44","date_gmt":"2021-01-29T10:23:44","guid":{"rendered":"https:\/\/moirai.si\/?post_type=product&#038;p=18700"},"modified":"2026-02-02T09:49:52","modified_gmt":"2026-02-02T09:49:52","slug":"jaspisno-njihalo","status":"publish","type":"product","link":"https:\/\/moirai.si\/hr\/izdelek\/nihalo-jaspis\/","title":{"rendered":"Jasperovo njihalo"},"content":{"rendered":"<p>Privjesak od jaspisa na posrebrenom lan\u010di\u0107u, zavr\u0161en kamenim gumbom za jednostavno kori\u0161tenje. Slika je simboli\u010dna. Mogu\u0107a su manja odstupanja u boji, te\u017eini i obliku.<\/p>\n<p>Vi\u0161e informacija: <a href=\"https:\/\/moirai.si\/hr\/jaspis\/\" target=\"_blank\" rel=\"noopener noreferrer\">Jaspis<\/a>, <a href=\"https:\/\/moirai.si\/hr\/njihalo\/\" target=\"_blank\" rel=\"noopener noreferrer\">Visak<\/a><\/p>\n<p>MATERIJAL: Jasper<br \/>\nTE\u017dINA: 5-15 g<br \/>\nVELI\u010cINA: cca 3-5 cm<\/p>","protected":false},"excerpt":{"rendered":"<p>Nihalo iz Jaspisa na posrebreni veri\u017eici, zaklju\u010deno z bunkico iz kamna za preprosto uporabo. Slika je simboli\u010dna. Mo\u017ena so manj\u0161a odstopanja v barvi, te\u017ei in obliki. Ve\u010d informacij: Jaspis, Nihalo MATERIAL: Jaspis TE\u017dA: 5-15 g VELIKOST KAMNOV: cca 3-5 cm<\/p>","protected":false},"featured_media":20241,"template":"","meta":[],"product_brand":[],"product_cat":[47,754],"product_tag":[229],"class_list":{"0":"post-18700","1":"product","2":"type-product","3":"status-publish","4":"has-post-thumbnail","6":"product_cat-jaspis","7":"product_cat-nihala","8":"product_tag-jaspis","10":"first","11":"outofstock","12":"shipping-taxable","13":"purchasable","14":"product-type-simple"},"_links":{"self":[{"href":"https:\/\/moirai.si\/hr\/wp-json\/wp\/v2\/product\/18700","targetHints":{"allow":["GET"]}}],"collection":[{"href":"https:\/\/moirai.si\/hr\/wp-json\/wp\/v2\/product"}],"about":[{"href":"https:\/\/moirai.si\/hr\/wp-json\/wp\/v2\/types\/product"}],"wp:featuredmedia":[{"embeddable":true,"href":"https:\/\/moirai.si\/hr\/wp-json\/wp\/v2\/media\/20241"}],"wp:attachment":[{"href":"https:\/\/moirai.si\/hr\/wp-json\/wp\/v2\/media?parent=18700"}],"wp:term":[{"taxonomy":"product_brand","embeddable":true,"href":"https:\/\/moirai.si\/hr\/wp-json\/wp\/v2\/product_brand?post=18700"},{"taxonomy":"product_cat","embeddable":true,"href":"https:\/\/moirai.si\/hr\/wp-json\/wp\/v2\/product_cat?post=18700"},{"taxonomy":"product_tag","embeddable":true,"href":"https:\/\/moirai.si\/hr\/wp-json\/wp\/v2\/product_tag?post=18700"}],"curies":[{"name":"wp","href":"https:\/\/api.w.org\/{rel}","templated":true}]}}