{"id":18770,"date":"2021-02-04T12:57:38","date_gmt":"2021-02-04T12:57:38","guid":{"rendered":"https:\/\/moirai.si\/?post_type=product&#038;p=18770"},"modified":"2026-02-06T11:24:58","modified_gmt":"2026-02-06T11:24:58","slug":"klasicna-mjesavina-50","status":"publish","type":"product","link":"https:\/\/moirai.si\/hr\/izdelek\/clasic-mix-50\/","title":{"rendered":"Clasic Mix"},"content":{"rendered":"<p>Elegantna narukvica iz kolekcije Clasic, koja je izra\u0111ena od raznih kamen\u010di\u0107a i srebrnih elemenata fino\u0107e 925, nanizanih na mekanu ali \u010dvrstu \u010deli\u010dnu \u017eicu i zavr\u0161ena srebrnim elementima. <\/p>\n<p>MATERIJAL: gorski kristal, Hematit, crveni gljivasti koralj, Srebro 925<br \/>\nDU\u017dINA: podesiva 17-20,5 cm<br \/>\nTE\u017dINA: 11,3 g<br \/>\nVELI\u010cINA KAMENA: 6 mm<br \/>\nKOP\u010cA: 9 mm<\/p>","protected":false},"excerpt":{"rendered":"<p>Elegantna zapestnica kolekcije Clasic, ki je narejena iz razli\u010dnih kamnov ter srebrnih 925 elementov, nizana na mehko, vendar mo\u010dno jekleno \u017eico in zaklju\u010dena s srebrnimi elementi. MATERIAL: Kamena Strela, Hematit, rde\u010da Gobasta Korala, Srebro 925 DOL\u017dINA: prilagodljiva 17-20.5 cm TE\u017dA: 11.3 g VELIKOST KAMNOV: 6 mm ZAPONKA: 9 mm<\/p>","protected":false},"featured_media":24136,"template":"","meta":[],"product_brand":[],"product_cat":[208,820,52,42,68,1137],"product_tag":[202,203,398,371],"class_list":{"0":"post-18770","1":"product","2":"type-product","3":"status-publish","4":"has-post-thumbnail","6":"product_cat-clasic","7":"product_cat-do-18cm","8":"product_cat-gobasta-korala","9":"product_cat-hematit","10":"product_cat-kamena-strela","11":"product_cat-ogled-vseh-zapestnice-2","12":"product_tag-hematit","13":"product_tag-kamena-strela","14":"product_tag-rdeca-gobasta-korala","15":"product_tag-srebro-925","17":"first","18":"instock","19":"shipping-taxable","20":"purchasable","21":"product-type-simple"},"_links":{"self":[{"href":"https:\/\/moirai.si\/hr\/wp-json\/wp\/v2\/product\/18770","targetHints":{"allow":["GET"]}}],"collection":[{"href":"https:\/\/moirai.si\/hr\/wp-json\/wp\/v2\/product"}],"about":[{"href":"https:\/\/moirai.si\/hr\/wp-json\/wp\/v2\/types\/product"}],"wp:featuredmedia":[{"embeddable":true,"href":"https:\/\/moirai.si\/hr\/wp-json\/wp\/v2\/media\/24136"}],"wp:attachment":[{"href":"https:\/\/moirai.si\/hr\/wp-json\/wp\/v2\/media?parent=18770"}],"wp:term":[{"taxonomy":"product_brand","embeddable":true,"href":"https:\/\/moirai.si\/hr\/wp-json\/wp\/v2\/product_brand?post=18770"},{"taxonomy":"product_cat","embeddable":true,"href":"https:\/\/moirai.si\/hr\/wp-json\/wp\/v2\/product_cat?post=18770"},{"taxonomy":"product_tag","embeddable":true,"href":"https:\/\/moirai.si\/hr\/wp-json\/wp\/v2\/product_tag?post=18770"}],"curies":[{"name":"wp","href":"https:\/\/api.w.org\/{rel}","templated":true}]}}