{"id":18837,"date":"2021-02-22T14:37:33","date_gmt":"2021-02-22T14:37:33","guid":{"rendered":"https:\/\/moirai.si\/?post_type=product&#038;p=18837"},"modified":"2025-01-13T14:46:35","modified_gmt":"2025-01-13T14:46:35","slug":"macrame-lava-2","status":"publish","type":"product","link":"https:\/\/moirai.si\/hr\/izdelek\/macrame-lava-2\/","title":{"rendered":"Macrame Lava"},"content":{"rendered":"<p>Narukvica Macrame Lava. Slika je simboli\u010dna. Mogu\u0107e su manje varijacije u obliki, boji i te\u017eini.<\/p>\n<p>MATERIJAL: crna lava<br \/>\nDU\u017dINA: podesiva od 16-25cm<br \/>\nTE\u017dINA: 4,7 g<br \/>\nVELI\u010cINA KAMENA: 6 mm<\/p>","protected":false},"excerpt":{"rendered":"<p>Unisex zapestnica kolekcije Macrame, ki je narejena iz Lave. Zapestnica je prilagodljiva in enostavna za no\u0161enje. Slika je simboli\u010dna. Mo\u017ena so manj\u0161a odstopanja v obliki in te\u017ei. MATERIAL: \u010drna Lava DOL\u017dINA: prilagodljiva od 16-25cm TE\u017dA: 4.7 g VELIKOST KAMNOV: 6 mm<\/p>","protected":false},"featured_media":18838,"template":"","meta":[],"product_brand":[],"product_cat":[820,750,212,821,822,823,1137],"product_tag":[785],"class_list":{"0":"post-18837","1":"product","2":"type-product","3":"status-publish","4":"has-post-thumbnail","6":"product_cat-do-18cm","7":"product_cat-lava","8":"product_cat-macrame-2","9":"product_cat-od-18-do-19cm","10":"product_cat-od-19-do-20cm","11":"product_cat-od-20cm","12":"product_cat-ogled-vseh-zapestnice-2","13":"product_tag-crna-lava","15":"first","16":"instock","17":"shipping-taxable","18":"purchasable","19":"product-type-simple"},"_links":{"self":[{"href":"https:\/\/moirai.si\/hr\/wp-json\/wp\/v2\/product\/18837","targetHints":{"allow":["GET"]}}],"collection":[{"href":"https:\/\/moirai.si\/hr\/wp-json\/wp\/v2\/product"}],"about":[{"href":"https:\/\/moirai.si\/hr\/wp-json\/wp\/v2\/types\/product"}],"wp:featuredmedia":[{"embeddable":true,"href":"https:\/\/moirai.si\/hr\/wp-json\/wp\/v2\/media\/18838"}],"wp:attachment":[{"href":"https:\/\/moirai.si\/hr\/wp-json\/wp\/v2\/media?parent=18837"}],"wp:term":[{"taxonomy":"product_brand","embeddable":true,"href":"https:\/\/moirai.si\/hr\/wp-json\/wp\/v2\/product_brand?post=18837"},{"taxonomy":"product_cat","embeddable":true,"href":"https:\/\/moirai.si\/hr\/wp-json\/wp\/v2\/product_cat?post=18837"},{"taxonomy":"product_tag","embeddable":true,"href":"https:\/\/moirai.si\/hr\/wp-json\/wp\/v2\/product_tag?post=18837"}],"curies":[{"name":"wp","href":"https:\/\/api.w.org\/{rel}","templated":true}]}}