{"id":18839,"date":"2021-02-22T14:38:57","date_gmt":"2021-02-22T14:38:57","guid":{"rendered":"https:\/\/moirai.si\/?post_type=product&#038;p=18839"},"modified":"2025-11-15T11:15:15","modified_gmt":"2025-11-15T11:15:15","slug":"macrame-sodalit-2","status":"publish","type":"product","link":"https:\/\/moirai.si\/hr\/izdelek\/macrame-sodalit-2\/","title":{"rendered":"Macrame Sodalit"},"content":{"rendered":"<p>Unisex narukvica iz kolekcije Macrame, izra\u0111ena od Sodalita. Narukvica je podesiva i laka za no\u0161enje. <\/p>\n<p>Vi\u0161e informacija: <a href=\"https:\/\/moirai.si\/hr\/sodalit\/\" target=\"_blank\" rel=\"noopener noreferrer\">Sodalit<\/p>\n<p>MATERIJAL: Sodalit<br \/>\nDU\u017dINA: podesiva od 16-25cm<br \/>\nTE\u017dINA: 5.2 g<br \/>\nVELI\u010cINA KAMENA: 6 mm<\/a><\/p>","protected":false},"excerpt":{"rendered":"<p>Unisex zapestnica kolekcije Macrame, ki je narejena iz Sodalita. Zapestnica je prilagodljiva in enostavna za no\u0161enje. Ve\u010d informacij: Sodalit MATERIAL: Sodalit DOL\u017dINA: prilagodljiva od 16-25cm TE\u017dA: 5.2 g VELIKOST KAMNOV: 6mm<\/p>","protected":false},"featured_media":26117,"template":"","meta":[],"product_brand":[],"product_cat":[820,212,821,822,823,1137,77],"product_tag":[227],"class_list":{"0":"post-18839","1":"product","2":"type-product","3":"status-publish","4":"has-post-thumbnail","6":"product_cat-do-18cm","7":"product_cat-macrame-2","8":"product_cat-od-18-do-19cm","9":"product_cat-od-19-do-20cm","10":"product_cat-od-20cm","11":"product_cat-ogled-vseh-zapestnice-2","12":"product_cat-sodalit","13":"product_tag-sodalit","15":"first","16":"outofstock","17":"shipping-taxable","18":"purchasable","19":"product-type-simple"},"_links":{"self":[{"href":"https:\/\/moirai.si\/hr\/wp-json\/wp\/v2\/product\/18839","targetHints":{"allow":["GET"]}}],"collection":[{"href":"https:\/\/moirai.si\/hr\/wp-json\/wp\/v2\/product"}],"about":[{"href":"https:\/\/moirai.si\/hr\/wp-json\/wp\/v2\/types\/product"}],"wp:featuredmedia":[{"embeddable":true,"href":"https:\/\/moirai.si\/hr\/wp-json\/wp\/v2\/media\/26117"}],"wp:attachment":[{"href":"https:\/\/moirai.si\/hr\/wp-json\/wp\/v2\/media?parent=18839"}],"wp:term":[{"taxonomy":"product_brand","embeddable":true,"href":"https:\/\/moirai.si\/hr\/wp-json\/wp\/v2\/product_brand?post=18839"},{"taxonomy":"product_cat","embeddable":true,"href":"https:\/\/moirai.si\/hr\/wp-json\/wp\/v2\/product_cat?post=18839"},{"taxonomy":"product_tag","embeddable":true,"href":"https:\/\/moirai.si\/hr\/wp-json\/wp\/v2\/product_tag?post=18839"}],"curies":[{"name":"wp","href":"https:\/\/api.w.org\/{rel}","templated":true}]}}