{"id":18855,"date":"2021-02-22T15:05:51","date_gmt":"2021-02-22T15:05:51","guid":{"rendered":"https:\/\/moirai.si\/?post_type=product&#038;p=18855"},"modified":"2025-10-23T10:33:23","modified_gmt":"2025-10-23T10:33:23","slug":"mala-mjesavina-18","status":"publish","type":"product","link":"https:\/\/moirai.si\/hr\/izdelek\/le-petit-mix-18\/","title":{"rendered":"Le Petit Mix"},"content":{"rendered":"<p>Nje\u017ena narukvica iz kolekcije Le Petit, izra\u0111ena od raznog kamenja. Narukvica je nanizana na mekanu, ali \u010dvrstu \u010deli\u010dnu \u017eicu i zavr\u0161ena je srebrnim elementima. Duljina narukvice mo\u017ee se prilagoditi va\u0161im \u017eeljama. Molimo vas da prilikom kupnje u napomenama napi\u0161ete \u017eeljenu duljinu narukvice. Vi\u0161e informacija o duljini narukvice mo\u017eete prona\u0107i ovdje: <a href=\"https:\/\/moirai.si\/hr\/o-nakitu\/\" target=\"_blank\" rel=\"noopener noreferrer\">o nakitu<\/a>  <\/p>\n<p>MATERIJAL: Karneol, Hematit, Karneol, Tigrovo oko, \u017dad, Granat, Aventurin, Ametist, Dugin mjese\u010dev kamen, srebro 925<br \/>\nDU\u017dINA: 17 cm<br \/>\nTE\u017dINA: 5,4 g<br \/>\nVELI\u010cINA KAMEN\u010cI\u0106A: 2-4 mm<br \/>\nKOP\u010cA: 9 mm<\/p>","protected":false},"excerpt":{"rendered":"<p>Ne\u017ena zapestnica kolekcije Le Petit, ki je narejena iz razli\u010dnih kamnov. Zapestnica je nizana na mehko, vendar mo\u010dno jekleno \u017eico in zaklju\u010dena s srebrnimi elementi. Dol\u017eino zapestnice je mo\u017eno prilagoditi va\u0161im \u017eeljam. \u017deljeno dol\u017eino zapestnice nam pripi\u0161ite v opombo pri nakupu. Ve\u010d informacij glede dol\u017eine zapestnice si lahko pogledate tukaj: o nakitu MATERIAL: Ro\u017eevec, Hematit, [&hellip;]<\/p>\n","protected":false},"featured_media":18856,"template":"","meta":[],"product_brand":[],"product_cat":[33,31,820,41,42,48,848,211,59,1137,69,81,89],"product_tag":[195,200,201,202,198,279,225,371,199,236],"class_list":{"0":"post-18855","1":"product","2":"type-product","3":"status-publish","4":"has-post-thumbnail","6":"product_cat-ametist","7":"product_cat-aventurin","8":"product_cat-do-18cm","9":"product_cat-granat","10":"product_cat-hematit","11":"product_cat-karneol","12":"product_cat-kvarc","13":"product_cat-le-petit","14":"product_cat-mesecev-kamen","15":"product_cat-ogled-vseh-zapestnice-2","16":"product_cat-rozevec","17":"product_cat-tigrovo-oko","18":"product_cat-zad","19":"product_tag-ametist","20":"product_tag-aventurin","21":"product_tag-granat","22":"product_tag-hematit","23":"product_tag-karneol","24":"product_tag-mavricni-mesecev-kamen","25":"product_tag-rozevec","26":"product_tag-srebro-925","27":"product_tag-tigrovo-oko","28":"product_tag-zad","30":"first","31":"instock","32":"shipping-taxable","33":"purchasable","34":"product-type-simple"},"_links":{"self":[{"href":"https:\/\/moirai.si\/hr\/wp-json\/wp\/v2\/product\/18855","targetHints":{"allow":["GET"]}}],"collection":[{"href":"https:\/\/moirai.si\/hr\/wp-json\/wp\/v2\/product"}],"about":[{"href":"https:\/\/moirai.si\/hr\/wp-json\/wp\/v2\/types\/product"}],"wp:featuredmedia":[{"embeddable":true,"href":"https:\/\/moirai.si\/hr\/wp-json\/wp\/v2\/media\/18856"}],"wp:attachment":[{"href":"https:\/\/moirai.si\/hr\/wp-json\/wp\/v2\/media?parent=18855"}],"wp:term":[{"taxonomy":"product_brand","embeddable":true,"href":"https:\/\/moirai.si\/hr\/wp-json\/wp\/v2\/product_brand?post=18855"},{"taxonomy":"product_cat","embeddable":true,"href":"https:\/\/moirai.si\/hr\/wp-json\/wp\/v2\/product_cat?post=18855"},{"taxonomy":"product_tag","embeddable":true,"href":"https:\/\/moirai.si\/hr\/wp-json\/wp\/v2\/product_tag?post=18855"}],"curies":[{"name":"wp","href":"https:\/\/api.w.org\/{rel}","templated":true}]}}