{"id":18877,"date":"2021-02-23T09:31:12","date_gmt":"2021-02-23T09:31:12","guid":{"rendered":"https:\/\/moirai.si\/?post_type=product&#038;p=18877"},"modified":"2025-05-31T14:44:53","modified_gmt":"2025-05-31T14:44:53","slug":"klasicna-mjesavina-64","status":"publish","type":"product","link":"https:\/\/moirai.si\/hr\/izdelek\/clasic-mix-64\/","title":{"rendered":"Clasic Mix"},"content":{"rendered":"<p>Elegantna narukvica iz kolekcije Clasic, koja je izra\u0111ena od raznih kamen\u010di\u0107a i srebra 925 <a href=\"https:\/\/moirai.si\/hr\/o-nakitu\/\" target=\"_blank\" rel=\"noopener noreferrer\">o nakitu<\/a>  <\/p>\n<p>MATERIJAL: Oniks, Gorski Kristal, Hematit, Srebro 925<br \/>\nDU\u017dINA: 17,5 cm<br \/>\nTE\u017dINA: 10,3 g<br \/>\nVELI\u010cINA KAMENA: 6 mm<br \/>\nKOP\u010cA: 9 mm<\/p>","protected":false},"excerpt":{"rendered":"<p>Elegantna zapestnica kolekcije Clasic, ki je narejena iz razli\u010dnih kamnov ter srebrnih 925 elementov, nizana na mehko, vendar mo\u010dno jekleno \u017eico in zaklju\u010dena s srebrnimi elementi. Dol\u017eino zapestnice je mo\u017eno prilagoditi va\u0161im \u017eeljam. \u017deljeno dol\u017eino zapestnice nam pripi\u0161ite v opombo pri nakupu. Ve\u010d informacij glede dol\u017eine zapestnice si lahko pogledate tukaj: o nakitu MATERIAL: Oniks, [&hellip;]<\/p>\n","protected":false},"featured_media":18878,"template":"","meta":[],"product_brand":[],"product_cat":[208,820,42,68,1137,62],"product_tag":[202,203,206,371],"class_list":{"0":"post-18877","1":"product","2":"type-product","3":"status-publish","4":"has-post-thumbnail","6":"product_cat-clasic","7":"product_cat-do-18cm","8":"product_cat-hematit","9":"product_cat-kamena-strela","10":"product_cat-ogled-vseh-zapestnice-2","11":"product_cat-oniks","12":"product_tag-hematit","13":"product_tag-kamena-strela","14":"product_tag-oniks","15":"product_tag-srebro-925","17":"first","18":"outofstock","19":"shipping-taxable","20":"purchasable","21":"product-type-simple"},"_links":{"self":[{"href":"https:\/\/moirai.si\/hr\/wp-json\/wp\/v2\/product\/18877","targetHints":{"allow":["GET"]}}],"collection":[{"href":"https:\/\/moirai.si\/hr\/wp-json\/wp\/v2\/product"}],"about":[{"href":"https:\/\/moirai.si\/hr\/wp-json\/wp\/v2\/types\/product"}],"wp:featuredmedia":[{"embeddable":true,"href":"https:\/\/moirai.si\/hr\/wp-json\/wp\/v2\/media\/18878"}],"wp:attachment":[{"href":"https:\/\/moirai.si\/hr\/wp-json\/wp\/v2\/media?parent=18877"}],"wp:term":[{"taxonomy":"product_brand","embeddable":true,"href":"https:\/\/moirai.si\/hr\/wp-json\/wp\/v2\/product_brand?post=18877"},{"taxonomy":"product_cat","embeddable":true,"href":"https:\/\/moirai.si\/hr\/wp-json\/wp\/v2\/product_cat?post=18877"},{"taxonomy":"product_tag","embeddable":true,"href":"https:\/\/moirai.si\/hr\/wp-json\/wp\/v2\/product_tag?post=18877"}],"curies":[{"name":"wp","href":"https:\/\/api.w.org\/{rel}","templated":true}]}}