{"id":18883,"date":"2021-02-23T09:36:21","date_gmt":"2021-02-23T09:36:21","guid":{"rendered":"https:\/\/moirai.si\/?post_type=product&#038;p=18883"},"modified":"2025-01-13T14:43:58","modified_gmt":"2025-01-13T14:43:58","slug":"clasic-mix-67","status":"publish","type":"product","link":"https:\/\/moirai.si\/hr\/izdelek\/clasic-mix-67\/","title":{"rendered":"Clasic Mix"},"content":{"rendered":"<p>Elegantna narukvica iz kolekcije Clasic, koja je izra\u0111ena od raznih kamen\u010di\u0107a i srebrnih elemenata fino\u0107e 925, nanizanih na mekanu ali \u010dvrstu \u010deli\u010dnu \u017eicu i zavr\u0161ena srebrnim elementima.<\/p>\n<p>MATERIAL: Dimni Kvarc, Oniks, Ahat (Botsvana), Srebro 925<br \/>\nDU\u017dINA: podesiva 17-19,5 cm<br \/>\nTE\u017dINA: 8,9 g<br \/>\nVELI\u010cINA KAMENA: 6 mm<br \/>\nKOP\u010cA: 9 mm<\/p>","protected":false},"excerpt":{"rendered":"<p>Elegantna zapestnica kolekcije Clasic, ki je narejena iz razli\u010dnih kamnov ter srebrnih 925 elementov, nizana na mehko, vendar mo\u010dno jekleno \u017eico in zaklju\u010dena s srebrnimi elementi. MATERIAL: Dimni Kvarc, Oniks, Ahat (Botsvana), Srebro 925 DOL\u017dINA: prilagodljiva 17-19,5 cm TE\u017dA: 8.9 g VELIKOST KAMNOV: 6 mm ZAPONKA: 9 mm<\/p>","protected":false},"featured_media":22195,"template":"","meta":[],"product_brand":[],"product_cat":[30,208,820,848,821,822,1137,62],"product_tag":[939,365,206,371],"class_list":{"0":"post-18883","1":"product","2":"type-product","3":"status-publish","4":"has-post-thumbnail","6":"product_cat-ahat","7":"product_cat-clasic","8":"product_cat-do-18cm","9":"product_cat-kvarc","10":"product_cat-od-18-do-19cm","11":"product_cat-od-19-do-20cm","12":"product_cat-ogled-vseh-zapestnice-2","13":"product_cat-oniks","14":"product_tag-ahat-botsvana","15":"product_tag-dimni-kvarc","16":"product_tag-oniks","17":"product_tag-srebro-925","19":"first","20":"instock","21":"shipping-taxable","22":"purchasable","23":"product-type-simple"},"_links":{"self":[{"href":"https:\/\/moirai.si\/hr\/wp-json\/wp\/v2\/product\/18883","targetHints":{"allow":["GET"]}}],"collection":[{"href":"https:\/\/moirai.si\/hr\/wp-json\/wp\/v2\/product"}],"about":[{"href":"https:\/\/moirai.si\/hr\/wp-json\/wp\/v2\/types\/product"}],"wp:featuredmedia":[{"embeddable":true,"href":"https:\/\/moirai.si\/hr\/wp-json\/wp\/v2\/media\/22195"}],"wp:attachment":[{"href":"https:\/\/moirai.si\/hr\/wp-json\/wp\/v2\/media?parent=18883"}],"wp:term":[{"taxonomy":"product_brand","embeddable":true,"href":"https:\/\/moirai.si\/hr\/wp-json\/wp\/v2\/product_brand?post=18883"},{"taxonomy":"product_cat","embeddable":true,"href":"https:\/\/moirai.si\/hr\/wp-json\/wp\/v2\/product_cat?post=18883"},{"taxonomy":"product_tag","embeddable":true,"href":"https:\/\/moirai.si\/hr\/wp-json\/wp\/v2\/product_tag?post=18883"}],"curies":[{"name":"wp","href":"https:\/\/api.w.org\/{rel}","templated":true}]}}