{"id":19180,"date":"2021-03-02T19:14:30","date_gmt":"2021-03-02T19:14:30","guid":{"rendered":"https:\/\/moirai.si\/?post_type=product&#038;p=19180"},"modified":"2025-11-11T13:38:56","modified_gmt":"2025-11-11T13:38:56","slug":"crni-turmalin-2","status":"publish","type":"product","link":"https:\/\/moirai.si\/hr\/izdelek\/turmalin-crni\/","title":{"rendered":"Turmalin crni"},"content":{"rendered":"<p>Prekrasan komad poliranog crnog turmalina (Brazil), pogodan kao ljekoviti kamen za ruke ili kao poklon. Slika je simboli\u010dna. Mogu\u0107a su manja odstupanja u boji, te\u017eini i obliku.<\/p>\n<p>Vi\u0161e informacija: <a href=\"https:\/\/moirai.si\/hr\/turmalin\/\" target=\"_blank\" rel=\"noopener noreferrer\">Turmalin<\/a><\/p>\n<p>MATERIJAL: crni turmalin<br \/>\nDIMENZIJE: 2-4 cm<br \/>\nTE\u017dINA: 20-35 g<\/p>","protected":false},"excerpt":{"rendered":"<p>\u010cudovit kos spoliranega \u010drnega Turmalina (Brazilija), primeren kot zdravilni ro\u010dni kamen ali kot darilo. Slika je simboli\u010dna. Mo\u017ena so manj\u0161a odstopanja v barvi, te\u017ei in obliki. Ve\u010d informacij: Turmalin MATERIAL: \u010drni Turmalin DIMENZIJE: 2-4 cm TE\u017dA: 20-35 g<\/p>","protected":false},"featured_media":19182,"template":"","meta":[],"product_brand":[],"product_cat":[753,85],"product_tag":[766],"class_list":{"0":"post-19180","1":"product","2":"type-product","3":"status-publish","4":"has-post-thumbnail","6":"product_cat-rocni-kamni","7":"product_cat-turmalin","8":"product_tag-crni-turmalin","10":"first","11":"instock","12":"shipping-taxable","13":"purchasable","14":"product-type-simple"},"_links":{"self":[{"href":"https:\/\/moirai.si\/hr\/wp-json\/wp\/v2\/product\/19180","targetHints":{"allow":["GET"]}}],"collection":[{"href":"https:\/\/moirai.si\/hr\/wp-json\/wp\/v2\/product"}],"about":[{"href":"https:\/\/moirai.si\/hr\/wp-json\/wp\/v2\/types\/product"}],"wp:featuredmedia":[{"embeddable":true,"href":"https:\/\/moirai.si\/hr\/wp-json\/wp\/v2\/media\/19182"}],"wp:attachment":[{"href":"https:\/\/moirai.si\/hr\/wp-json\/wp\/v2\/media?parent=19180"}],"wp:term":[{"taxonomy":"product_brand","embeddable":true,"href":"https:\/\/moirai.si\/hr\/wp-json\/wp\/v2\/product_brand?post=19180"},{"taxonomy":"product_cat","embeddable":true,"href":"https:\/\/moirai.si\/hr\/wp-json\/wp\/v2\/product_cat?post=19180"},{"taxonomy":"product_tag","embeddable":true,"href":"https:\/\/moirai.si\/hr\/wp-json\/wp\/v2\/product_tag?post=19180"}],"curies":[{"name":"wp","href":"https:\/\/api.w.org\/{rel}","templated":true}]}}