{"id":19191,"date":"2021-03-03T10:12:12","date_gmt":"2021-03-03T10:12:12","guid":{"rendered":"https:\/\/moirai.si\/?post_type=product&#038;p=19191"},"modified":"2026-03-26T12:42:23","modified_gmt":"2026-03-26T12:42:23","slug":"mokait-sa-2","status":"publish","type":"product","link":"https:\/\/moirai.si\/hr\/izdelek\/mokait-s-2\/","title":{"rendered":"Mokait S"},"content":{"rendered":"<p>Prekrasan komad poliranog mokaita, prikladan kao ljekoviti ru\u010dni kamen ili kao poklon za va\u0161e najmilije. Slika je simboli\u010dna. Mogu\u0107a su manja odstupanja u boji, te\u017eini i obliku.<\/p>\n<p>Vi\u0161e informacija: <a href=\"https:\/\/moirai.si\/hr\/mokait\/\" target=\"_blank\" rel=\"noopener noreferrer\">Mokait<\/a><\/p>\n<p>MATERIJAL: Mokait (Australija)<br \/>\nDIMENZIJE: 1-2 cm<br \/>\nTE\u017dINA: 5-15 g<\/p>","protected":false},"excerpt":{"rendered":"<p>\u010cudovit kos spoliranega Mokaita, primeren kot zdravilni ro\u010dni kamen ali kot darilo za va\u0161e najbli\u017enje. Slika je simboli\u010dna. Mo\u017ena so manj\u0161a odstopanja v barvi, te\u017ei in obliki. Ve\u010d informacij: Mokait MATERIAL: Mokait (Avstralija) DIMENZIJE: 1-2 cm TE\u017dA: 5-15 g<\/p>","protected":false},"featured_media":19192,"template":"","meta":[],"product_brand":[],"product_cat":[521,753],"product_tag":[867],"class_list":{"0":"post-19191","1":"product","2":"type-product","3":"status-publish","4":"has-post-thumbnail","6":"product_cat-mokait","7":"product_cat-rocni-kamni","8":"product_tag-mokait-avstralija","10":"first","11":"instock","12":"shipping-taxable","13":"purchasable","14":"product-type-simple"},"_links":{"self":[{"href":"https:\/\/moirai.si\/hr\/wp-json\/wp\/v2\/product\/19191","targetHints":{"allow":["GET"]}}],"collection":[{"href":"https:\/\/moirai.si\/hr\/wp-json\/wp\/v2\/product"}],"about":[{"href":"https:\/\/moirai.si\/hr\/wp-json\/wp\/v2\/types\/product"}],"wp:featuredmedia":[{"embeddable":true,"href":"https:\/\/moirai.si\/hr\/wp-json\/wp\/v2\/media\/19192"}],"wp:attachment":[{"href":"https:\/\/moirai.si\/hr\/wp-json\/wp\/v2\/media?parent=19191"}],"wp:term":[{"taxonomy":"product_brand","embeddable":true,"href":"https:\/\/moirai.si\/hr\/wp-json\/wp\/v2\/product_brand?post=19191"},{"taxonomy":"product_cat","embeddable":true,"href":"https:\/\/moirai.si\/hr\/wp-json\/wp\/v2\/product_cat?post=19191"},{"taxonomy":"product_tag","embeddable":true,"href":"https:\/\/moirai.si\/hr\/wp-json\/wp\/v2\/product_tag?post=19191"}],"curies":[{"name":"wp","href":"https:\/\/api.w.org\/{rel}","templated":true}]}}