{"id":19470,"date":"2021-08-10T11:14:32","date_gmt":"2021-08-10T11:14:32","guid":{"rendered":"https:\/\/moirai.si\/?post_type=product&#038;p=19470"},"modified":"2024-10-11T11:49:13","modified_gmt":"2024-10-11T11:49:13","slug":"koza-1m-smeda-2mm","status":"publish","type":"product","link":"https:\/\/moirai.si\/hr\/izdelek\/usnje-1m-rjavo-2mm\/","title":{"rendered":"Ko\u017ea 1m sme\u0111a (2mm)"},"content":{"rendered":"<p>Remen od prave ko\u017ee u sme\u0111oj boji.<\/p>\n<p>MATERIJAL: sme\u0111a ko\u017ea<br \/>\nTE\u017dINA: 3 g<br \/>\nDU\u017dINA: 100 cm<br \/>\n\u0160IRINA: 2 mm<\/p>","protected":false},"excerpt":{"rendered":"<p>Usnjen trak iz pravega usnja v rjavi barvi. MATERIAL: rjavo usnje TE\u017dA: 3 g DOL\u017dINA: 100 cm \u0160IRINA: 2 mm<\/p>","protected":false},"featured_media":19471,"template":"","meta":[],"product_brand":[],"product_cat":[911],"product_tag":[857],"class_list":{"0":"post-19470","1":"product","2":"type-product","3":"status-publish","4":"has-post-thumbnail","6":"product_cat-verizice-in-vrvice","7":"product_tag-rjavo-usnje","9":"first","10":"instock","11":"shipping-taxable","12":"purchasable","13":"product-type-simple"},"_links":{"self":[{"href":"https:\/\/moirai.si\/hr\/wp-json\/wp\/v2\/product\/19470","targetHints":{"allow":["GET"]}}],"collection":[{"href":"https:\/\/moirai.si\/hr\/wp-json\/wp\/v2\/product"}],"about":[{"href":"https:\/\/moirai.si\/hr\/wp-json\/wp\/v2\/types\/product"}],"wp:featuredmedia":[{"embeddable":true,"href":"https:\/\/moirai.si\/hr\/wp-json\/wp\/v2\/media\/19471"}],"wp:attachment":[{"href":"https:\/\/moirai.si\/hr\/wp-json\/wp\/v2\/media?parent=19470"}],"wp:term":[{"taxonomy":"product_brand","embeddable":true,"href":"https:\/\/moirai.si\/hr\/wp-json\/wp\/v2\/product_brand?post=19470"},{"taxonomy":"product_cat","embeddable":true,"href":"https:\/\/moirai.si\/hr\/wp-json\/wp\/v2\/product_cat?post=19470"},{"taxonomy":"product_tag","embeddable":true,"href":"https:\/\/moirai.si\/hr\/wp-json\/wp\/v2\/product_tag?post=19470"}],"curies":[{"name":"wp","href":"https:\/\/api.w.org\/{rel}","templated":true}]}}