{"id":19472,"date":"2021-08-10T11:19:59","date_gmt":"2021-08-10T11:19:59","guid":{"rendered":"https:\/\/moirai.si\/?post_type=product&#038;p=19472"},"modified":"2024-09-25T12:26:16","modified_gmt":"2024-09-25T12:26:16","slug":"koza-1m-plava-2mm","status":"publish","type":"product","link":"https:\/\/moirai.si\/hr\/izdelek\/usnje-1m-modro-2mm\/","title":{"rendered":"Ko\u017ea 1m plava (2mm)"},"content":{"rendered":"<p>Remen od prave ko\u017ee u plavoj boji.<\/p>\n<p>MATERIJAL: plava ko\u017ea<br \/>\nTE\u017dINA: 3 g<br \/>\nDU\u017dINA: 100 cm<br \/>\n\u0160IRINA: 2 mm<\/p>","protected":false},"excerpt":{"rendered":"<p>Usnjen trak iz pravega usnja v modri barvi. MATERIAL: modro usnje TE\u017dA: 3 g DOL\u017dINA: 100 cm \u0160IRINA: 2 mm<\/p>","protected":false},"featured_media":19473,"template":"","meta":[],"product_brand":[],"product_cat":[911],"product_tag":[943],"class_list":{"0":"post-19472","1":"product","2":"type-product","3":"status-publish","4":"has-post-thumbnail","6":"product_cat-verizice-in-vrvice","7":"product_tag-modro-usnje","9":"first","10":"instock","11":"shipping-taxable","12":"purchasable","13":"product-type-simple"},"_links":{"self":[{"href":"https:\/\/moirai.si\/hr\/wp-json\/wp\/v2\/product\/19472","targetHints":{"allow":["GET"]}}],"collection":[{"href":"https:\/\/moirai.si\/hr\/wp-json\/wp\/v2\/product"}],"about":[{"href":"https:\/\/moirai.si\/hr\/wp-json\/wp\/v2\/types\/product"}],"wp:featuredmedia":[{"embeddable":true,"href":"https:\/\/moirai.si\/hr\/wp-json\/wp\/v2\/media\/19473"}],"wp:attachment":[{"href":"https:\/\/moirai.si\/hr\/wp-json\/wp\/v2\/media?parent=19472"}],"wp:term":[{"taxonomy":"product_brand","embeddable":true,"href":"https:\/\/moirai.si\/hr\/wp-json\/wp\/v2\/product_brand?post=19472"},{"taxonomy":"product_cat","embeddable":true,"href":"https:\/\/moirai.si\/hr\/wp-json\/wp\/v2\/product_cat?post=19472"},{"taxonomy":"product_tag","embeddable":true,"href":"https:\/\/moirai.si\/hr\/wp-json\/wp\/v2\/product_tag?post=19472"}],"curies":[{"name":"wp","href":"https:\/\/api.w.org\/{rel}","templated":true}]}}