{"id":19487,"date":"2021-08-10T12:29:49","date_gmt":"2021-08-10T12:29:49","guid":{"rendered":"https:\/\/moirai.si\/?post_type=product&#038;p=19487"},"modified":"2025-05-08T14:10:16","modified_gmt":"2025-05-08T14:10:16","slug":"srce-dimni-kvarc-2","status":"publish","type":"product","link":"https:\/\/moirai.si\/hr\/izdelek\/srce-dimni-kvarc-2\/","title":{"rendered":"Srce Dimni Kvarc"},"content":{"rendered":"<p>Srce dimni kvarc. <\/p>\n<p>MATERIAL: Dimni Kvarc<br \/>\nDIMENZIJE: 4.5&#215;4.5 cm<br \/>\nTE\u017dA: 51.1 g<\/p>","protected":false},"excerpt":{"rendered":"<p>\u010cudovit kos spoliranega Dimnega Kvarca v obliki sr\u010dka, primeren kot zdravilni ro\u010dni kamen ali kot darilo. MATERIAL: Dimni Kvarc DIMENZIJE: 4.5&#215;4.5 cm TE\u017dA: 51.1 g<\/p>","protected":false},"featured_media":19488,"template":"","meta":[],"product_brand":[],"product_cat":[848,755],"product_tag":[948],"class_list":{"0":"post-19487","1":"product","2":"type-product","3":"status-publish","4":"has-post-thumbnail","6":"product_cat-kvarc","7":"product_cat-mix","8":"product_tag-srce-dimni-kvarc","10":"first","11":"instock","12":"shipping-taxable","13":"purchasable","14":"product-type-simple"},"_links":{"self":[{"href":"https:\/\/moirai.si\/hr\/wp-json\/wp\/v2\/product\/19487","targetHints":{"allow":["GET"]}}],"collection":[{"href":"https:\/\/moirai.si\/hr\/wp-json\/wp\/v2\/product"}],"about":[{"href":"https:\/\/moirai.si\/hr\/wp-json\/wp\/v2\/types\/product"}],"wp:featuredmedia":[{"embeddable":true,"href":"https:\/\/moirai.si\/hr\/wp-json\/wp\/v2\/media\/19488"}],"wp:attachment":[{"href":"https:\/\/moirai.si\/hr\/wp-json\/wp\/v2\/media?parent=19487"}],"wp:term":[{"taxonomy":"product_brand","embeddable":true,"href":"https:\/\/moirai.si\/hr\/wp-json\/wp\/v2\/product_brand?post=19487"},{"taxonomy":"product_cat","embeddable":true,"href":"https:\/\/moirai.si\/hr\/wp-json\/wp\/v2\/product_cat?post=19487"},{"taxonomy":"product_tag","embeddable":true,"href":"https:\/\/moirai.si\/hr\/wp-json\/wp\/v2\/product_tag?post=19487"}],"curies":[{"name":"wp","href":"https:\/\/api.w.org\/{rel}","templated":true}]}}