{"id":19542,"date":"2021-08-12T10:45:30","date_gmt":"2021-08-12T10:45:30","guid":{"rendered":"https:\/\/moirai.si\/?post_type=product&#038;p=19542"},"modified":"2022-11-09T11:37:55","modified_gmt":"2022-11-09T11:37:55","slug":"versy-hematit-9","status":"publish","type":"product","link":"https:\/\/moirai.si\/hr\/izdelek\/versy-hematit-9\/","title":{"rendered":"Versy Hematit"},"content":{"rendered":"<p>Unikatan privjesak kolekcije Versy Hematit na crni ko\u017ei podesive duljine (povucite \u010dvor gore ili dolje). Ogrlica je unisex i pogodna je za djecu i odrasle. <\/p>\n<p>Vi\u0161e informacija: <a href=\"https:\/\/moirai.si\/hr\/hematit\/\" target=\"_blank\" rel=\"noopener noreferrer\">Hematit<\/a><\/p>\n<p>MATERIJAL: Hematit, crna ko\u017ea<br \/>\nDU\u017dINA: podesiva (38-77 cm)<br \/>\nTE\u017dA: 36.7 g<br \/>\nVELIKOST KAMNA: 1.8-3.5 cm<br \/>\nDEBLJINA KAMENA: 1,6 cm<\/p>","protected":false},"excerpt":{"rendered":"<p>Unikaten obesek kolekcije Versy iz Hematita na \u010drnem usnjenem traku s prilagodljivo dol\u017eino (poteg vozla gor oz. dol). Ogrlica je unisex in je primerna za otroke in odrasle. Ve\u010d informacij: Hematit MATERIAL: Hematit, \u010drno usnje DOL\u017dINA: prilagodljiva (38-77 cm) TE\u017dA: 36.7 g VELIKOST KAMNA: 1.8-3.5 cm DEBELINA KAMNA: 1.6 cm<\/p>","protected":false},"featured_media":19543,"template":"","meta":[],"product_brand":[],"product_cat":[42,92,309],"product_tag":[648,202],"class_list":{"0":"post-19542","1":"product","2":"type-product","3":"status-publish","4":"has-post-thumbnail","6":"product_cat-hematit","7":"product_cat-obeski-in-usnje","8":"product_cat-versy","9":"product_tag-crno-usnje","10":"product_tag-hematit","12":"first","13":"instock","14":"shipping-taxable","15":"purchasable","16":"product-type-simple"},"_links":{"self":[{"href":"https:\/\/moirai.si\/hr\/wp-json\/wp\/v2\/product\/19542","targetHints":{"allow":["GET"]}}],"collection":[{"href":"https:\/\/moirai.si\/hr\/wp-json\/wp\/v2\/product"}],"about":[{"href":"https:\/\/moirai.si\/hr\/wp-json\/wp\/v2\/types\/product"}],"wp:featuredmedia":[{"embeddable":true,"href":"https:\/\/moirai.si\/hr\/wp-json\/wp\/v2\/media\/19543"}],"wp:attachment":[{"href":"https:\/\/moirai.si\/hr\/wp-json\/wp\/v2\/media?parent=19542"}],"wp:term":[{"taxonomy":"product_brand","embeddable":true,"href":"https:\/\/moirai.si\/hr\/wp-json\/wp\/v2\/product_brand?post=19542"},{"taxonomy":"product_cat","embeddable":true,"href":"https:\/\/moirai.si\/hr\/wp-json\/wp\/v2\/product_cat?post=19542"},{"taxonomy":"product_tag","embeddable":true,"href":"https:\/\/moirai.si\/hr\/wp-json\/wp\/v2\/product_tag?post=19542"}],"curies":[{"name":"wp","href":"https:\/\/api.w.org\/{rel}","templated":true}]}}