{"id":19655,"date":"2021-08-14T08:40:32","date_gmt":"2021-08-14T08:40:32","guid":{"rendered":"https:\/\/moirai.si\/?post_type=product&#038;p=19655"},"modified":"2022-11-14T11:35:30","modified_gmt":"2022-11-14T11:35:30","slug":"versy-jaspis-rdeci-21","status":"publish","type":"product","link":"https:\/\/moirai.si\/hr\/izdelek\/versy-jaspis-rdeci-21\/","title":{"rendered":"Versy Jaspis Crveni"},"content":{"rendered":"<p>Jedinstveni privjesak iz Versy kolekcije izra\u0111en od crvenog jaspisa na crnom ko\u017enom remenu s podesivom duljinom (povucite \u010dvor gore ili dolje). Ogrlica je unisex i prikladna za djecu i odrasle. <\/p>\n<p>Vi\u0161e informacija: <a href=\"https:\/\/moirai.si\/hr\/jaspis\/\" target=\"_blank\" rel=\"noopener noreferrer\">Jaspis <\/a><\/p>\n<p>MATERIJAL: crveni jaspis, crna ko\u017ea<br \/>\nDU\u017dINA: podesiva (38-77 cm)<br \/>\nTE\u017dA: 18.5 g<br \/>\nVELIKOST KAMNA: 2.8-3.3 cm<br \/>\nDEBLJINA KAMENA: 1,1 cm<\/p>","protected":false},"excerpt":{"rendered":"<p>Unikaten obesek kolekcije Versy iz rde\u010dega Jaspisa na \u010drnem usnjenem traku s prilagodljivo dol\u017eino (poteg vozla gor oz. dol). Ogrlica je unisex in je primerna za otroke in odrasle. Ve\u010d informacij: Jaspis MATERIAL: rde\u010di Jaspis, \u010drno usnje DOL\u017dINA: prilagodljiva (38-77 cm) TE\u017dA: 18.5 g VELIKOST KAMNA: 2.8-3.3 cm DEBELINA KAMNA: 1.1 cm<\/p>","protected":false},"featured_media":19656,"template":"","meta":[],"product_brand":[],"product_cat":[47,92,309],"product_tag":[648,779],"class_list":{"0":"post-19655","1":"product","2":"type-product","3":"status-publish","4":"has-post-thumbnail","6":"product_cat-jaspis","7":"product_cat-obeski-in-usnje","8":"product_cat-versy","9":"product_tag-crno-usnje","10":"product_tag-rdeci-jaspis","12":"first","13":"instock","14":"shipping-taxable","15":"purchasable","16":"product-type-simple"},"_links":{"self":[{"href":"https:\/\/moirai.si\/hr\/wp-json\/wp\/v2\/product\/19655","targetHints":{"allow":["GET"]}}],"collection":[{"href":"https:\/\/moirai.si\/hr\/wp-json\/wp\/v2\/product"}],"about":[{"href":"https:\/\/moirai.si\/hr\/wp-json\/wp\/v2\/types\/product"}],"wp:featuredmedia":[{"embeddable":true,"href":"https:\/\/moirai.si\/hr\/wp-json\/wp\/v2\/media\/19656"}],"wp:attachment":[{"href":"https:\/\/moirai.si\/hr\/wp-json\/wp\/v2\/media?parent=19655"}],"wp:term":[{"taxonomy":"product_brand","embeddable":true,"href":"https:\/\/moirai.si\/hr\/wp-json\/wp\/v2\/product_brand?post=19655"},{"taxonomy":"product_cat","embeddable":true,"href":"https:\/\/moirai.si\/hr\/wp-json\/wp\/v2\/product_cat?post=19655"},{"taxonomy":"product_tag","embeddable":true,"href":"https:\/\/moirai.si\/hr\/wp-json\/wp\/v2\/product_tag?post=19655"}],"curies":[{"name":"wp","href":"https:\/\/api.w.org\/{rel}","templated":true}]}}