{"id":19690,"date":"2021-08-14T12:05:44","date_gmt":"2021-08-14T12:05:44","guid":{"rendered":"https:\/\/moirai.si\/?post_type=product&#038;p=19690"},"modified":"2025-08-19T20:14:26","modified_gmt":"2025-08-19T20:14:26","slug":"versy-ahat-43","status":"publish","type":"product","link":"https:\/\/moirai.si\/hr\/izdelek\/versy-ahat-43\/","title":{"rendered":"Versy Ahat"},"content":{"rendered":"<p>Jedinstveni privjesak iz Versy kolekcije izra\u0111en od ahata na sme\u0111em ko\u017enom remenu s podesivom duljinom (povucite \u010dvor gore ili dolje). Ogrlica je unisex i prikladna je za djecu i odrasle. <\/p>\n<p>Vi\u0161e informacija: <a href=\"https:\/\/moirai.si\/hr\/ahat\/\" target=\"_blank\" rel=\"noopener noreferrer\">Ahat<\/a><\/p>\n<p>MATERIJAL: Ahat, sme\u0111a ko\u017ea<br \/>\nDU\u017dINA: podesiva (38-77 cm)<br \/>\nTE\u017dA: 18.3 g<br \/>\nVELIKOST KAMNA: 3-8 cm<br \/>\nDEBLJINA KAMENA: 0,4 mm<\/p>","protected":false},"excerpt":{"rendered":"<p>Unikaten obesek kolekcije Versy iz Ahata na rjavem usnjenem traku s prilagodljivo dol\u017eino (poteg vozla gor oz. dol). Ogrlica je unisex in je primerna za otroke in odrasle. Ve\u010d informacij: Ahat MATERIAL: Ahat, rjavo usnje DOL\u017dINA: prilagodljiva (38-77 cm) TE\u017dA: 18.3 g VELIKOST KAMNA: 3-8 cm DEBELINA KAMNA: 0.4mm<\/p>","protected":false},"featured_media":19691,"template":"","meta":[],"product_brand":[],"product_cat":[30,92,309],"product_tag":[277,857],"class_list":{"0":"post-19690","1":"product","2":"type-product","3":"status-publish","4":"has-post-thumbnail","6":"product_cat-ahat","7":"product_cat-obeski-in-usnje","8":"product_cat-versy","9":"product_tag-ahat","10":"product_tag-rjavo-usnje","12":"first","13":"instock","14":"shipping-taxable","15":"purchasable","16":"product-type-simple"},"_links":{"self":[{"href":"https:\/\/moirai.si\/hr\/wp-json\/wp\/v2\/product\/19690","targetHints":{"allow":["GET"]}}],"collection":[{"href":"https:\/\/moirai.si\/hr\/wp-json\/wp\/v2\/product"}],"about":[{"href":"https:\/\/moirai.si\/hr\/wp-json\/wp\/v2\/types\/product"}],"wp:featuredmedia":[{"embeddable":true,"href":"https:\/\/moirai.si\/hr\/wp-json\/wp\/v2\/media\/19691"}],"wp:attachment":[{"href":"https:\/\/moirai.si\/hr\/wp-json\/wp\/v2\/media?parent=19690"}],"wp:term":[{"taxonomy":"product_brand","embeddable":true,"href":"https:\/\/moirai.si\/hr\/wp-json\/wp\/v2\/product_brand?post=19690"},{"taxonomy":"product_cat","embeddable":true,"href":"https:\/\/moirai.si\/hr\/wp-json\/wp\/v2\/product_cat?post=19690"},{"taxonomy":"product_tag","embeddable":true,"href":"https:\/\/moirai.si\/hr\/wp-json\/wp\/v2\/product_tag?post=19690"}],"curies":[{"name":"wp","href":"https:\/\/api.w.org\/{rel}","templated":true}]}}