{"id":19728,"date":"2021-08-16T14:00:27","date_gmt":"2021-08-16T14:00:27","guid":{"rendered":"https:\/\/moirai.si\/?post_type=product&#038;p=19728"},"modified":"2022-11-08T16:07:05","modified_gmt":"2022-11-08T16:07:05","slug":"vrlo-blistav-heliotrop-32","status":"publish","type":"product","link":"https:\/\/moirai.si\/hr\/izdelek\/versy-heliotrop-32\/","title":{"rendered":"Versy Heliotrop"},"content":{"rendered":"<p>Jedinstveni privjesak iz kolekcije Versy od Heliotropea na crnom ko\u017enom remenu s podesivom duljinom (povucite \u010dvor gore ili dolje). Ogrlica je unisex i prikladna za djecu i odrasle. <\/p>\n<p>Vi\u0161e informacija: <a href=\"https:\/\/moirai.si\/hr\/heliotrop\/\" target=\"_blank\" rel=\"noopener noreferrer\">Heliotrop<\/a><\/p>\n<p>MATERIJAL: Heliotrop, crna ko\u017ea<br \/>\nDU\u017dINA: podesiva (38-77 cm)<br \/>\nTE\u017dINA: 8,8 g<br \/>\nVELI\u010cINA KAMENA: 2,6-2,6 cm<br \/>\nDEBLJINA KAMENA: 0,7 cm<\/p>","protected":false},"excerpt":{"rendered":"<p>Unikaten obesek kolekcije Versy iz Heliotropa na \u010drnem usnjenem traku s prilagodljivo dol\u017eino (poteg vozla gor oz. dol). Ogrlica je unisex in je primerna za otroke in odrasle. Ve\u010d informacij: Heliotrop MATERIAL: Heliotrop, \u010drno usnje DOL\u017dINA: prilagodljiva (38-77 cm) TE\u017dA: 8.8 g VELIKOST KAMNA: 2.6-2.6 cm DEBELINA KAMNA: 0,7 cm<\/p>","protected":false},"featured_media":19729,"template":"","meta":[],"product_brand":[],"product_cat":[518,92,309],"product_tag":[648,486],"class_list":{"0":"post-19728","1":"product","2":"type-product","3":"status-publish","4":"has-post-thumbnail","6":"product_cat-heliotrop","7":"product_cat-obeski-in-usnje","8":"product_cat-versy","9":"product_tag-crno-usnje","10":"product_tag-heliotrop","12":"first","13":"instock","14":"shipping-taxable","15":"purchasable","16":"product-type-simple"},"_links":{"self":[{"href":"https:\/\/moirai.si\/hr\/wp-json\/wp\/v2\/product\/19728","targetHints":{"allow":["GET"]}}],"collection":[{"href":"https:\/\/moirai.si\/hr\/wp-json\/wp\/v2\/product"}],"about":[{"href":"https:\/\/moirai.si\/hr\/wp-json\/wp\/v2\/types\/product"}],"wp:featuredmedia":[{"embeddable":true,"href":"https:\/\/moirai.si\/hr\/wp-json\/wp\/v2\/media\/19729"}],"wp:attachment":[{"href":"https:\/\/moirai.si\/hr\/wp-json\/wp\/v2\/media?parent=19728"}],"wp:term":[{"taxonomy":"product_brand","embeddable":true,"href":"https:\/\/moirai.si\/hr\/wp-json\/wp\/v2\/product_brand?post=19728"},{"taxonomy":"product_cat","embeddable":true,"href":"https:\/\/moirai.si\/hr\/wp-json\/wp\/v2\/product_cat?post=19728"},{"taxonomy":"product_tag","embeddable":true,"href":"https:\/\/moirai.si\/hr\/wp-json\/wp\/v2\/product_tag?post=19728"}],"curies":[{"name":"wp","href":"https:\/\/api.w.org\/{rel}","templated":true}]}}