{"id":19849,"date":"2021-08-18T08:24:33","date_gmt":"2021-08-18T08:24:33","guid":{"rendered":"https:\/\/moirai.si\/?post_type=product&#038;p=19849"},"modified":"2025-01-13T14:43:00","modified_gmt":"2025-01-13T14:43:00","slug":"macrame-obsidijan-crni","status":"publish","type":"product","link":"https:\/\/moirai.si\/hr\/izdelek\/macrame-obsidijan-crni\/","title":{"rendered":"Macrame crni opsidijan"},"content":{"rendered":"<p>Unisex narukvica iz Macrame kolekcije koja je izra\u0111ena od crnog opsidijana. Narukvica je fleksibilna i laka za no\u0161enje. <\/p>\n<p>MATERIJAL: crni opsidijan<br \/>\nDU\u017dINA: podesiva od 16-25cm<br \/>\nTE\u017dA: 5.7 g<br \/>\nVELI\u010cINA KAMENA: 6 mm<\/p>","protected":false},"excerpt":{"rendered":"<p>Unisex zapestnica kolekcije Macrame, ki je narejena iz \u010drnega Obsidijana. Zapestnica je prilagodljiva in enostavna za no\u0161enje. MATERIAL: \u010drni Obsidijan DOL\u017dINA: prilagodljiva od 16-25cm TE\u017dA: 5.7 g VELIKOST KAMNOV: 6 mm<\/p>","protected":false},"featured_media":19850,"template":"","meta":[],"product_brand":[],"product_cat":[820,212,63,821,822,823,1137],"product_tag":[868],"class_list":{"0":"post-19849","1":"product","2":"type-product","3":"status-publish","4":"has-post-thumbnail","6":"product_cat-do-18cm","7":"product_cat-macrame-2","8":"product_cat-obsidijan","9":"product_cat-od-18-do-19cm","10":"product_cat-od-19-do-20cm","11":"product_cat-od-20cm","12":"product_cat-ogled-vseh-zapestnice-2","13":"product_tag-crni-obsidijan","15":"first","16":"outofstock","17":"shipping-taxable","18":"purchasable","19":"product-type-simple"},"_links":{"self":[{"href":"https:\/\/moirai.si\/hr\/wp-json\/wp\/v2\/product\/19849","targetHints":{"allow":["GET"]}}],"collection":[{"href":"https:\/\/moirai.si\/hr\/wp-json\/wp\/v2\/product"}],"about":[{"href":"https:\/\/moirai.si\/hr\/wp-json\/wp\/v2\/types\/product"}],"wp:featuredmedia":[{"embeddable":true,"href":"https:\/\/moirai.si\/hr\/wp-json\/wp\/v2\/media\/19850"}],"wp:attachment":[{"href":"https:\/\/moirai.si\/hr\/wp-json\/wp\/v2\/media?parent=19849"}],"wp:term":[{"taxonomy":"product_brand","embeddable":true,"href":"https:\/\/moirai.si\/hr\/wp-json\/wp\/v2\/product_brand?post=19849"},{"taxonomy":"product_cat","embeddable":true,"href":"https:\/\/moirai.si\/hr\/wp-json\/wp\/v2\/product_cat?post=19849"},{"taxonomy":"product_tag","embeddable":true,"href":"https:\/\/moirai.si\/hr\/wp-json\/wp\/v2\/product_tag?post=19849"}],"curies":[{"name":"wp","href":"https:\/\/api.w.org\/{rel}","templated":true}]}}