{"id":19856,"date":"2021-08-18T11:23:10","date_gmt":"2021-08-18T11:23:10","guid":{"rendered":"https:\/\/moirai.si\/?post_type=product&#038;p=19856"},"modified":"2025-01-13T14:42:39","modified_gmt":"2025-01-13T14:42:39","slug":"macrame-unakit","status":"publish","type":"product","link":"https:\/\/moirai.si\/hr\/izdelek\/macrame-unakit\/","title":{"rendered":"Macrame Unakit"},"content":{"rendered":"<p>Unisex zapestnica kolekcije Macrame, ki je narejena iz Unakita. Zapestnica je prilagodljiva in enostavna za no\u0161enje. Slika je simboli\u010dna. Mo\u017ena so manj\u0161a odstopanja v barvi.<\/p>\n<p>MATERIJAL: Unakit<br \/>\nDU\u017dINA: podesiva od 16-25cm<br \/>\nTE\u017dINA: 14,2 g<br \/>\nVELI\u010cINA KAMENA: 6-8 mm<\/p>","protected":false},"excerpt":{"rendered":"<p>Unisex zapestnica kolekcije Macrame, ki je narejena iz Unakita. Zapestnica je prilagodljiva in enostavna za no\u0161enje. Slika je simboli\u010dna. Mo\u017ena so manj\u0161a odstopanja v barvi. MATERIAL: Unakit DOL\u017dINA: prilagodljiva od 16-25cm TE\u017dA: 14.2 g VELIKOST KAMNOV: 6-8 mm<\/p>","protected":false},"featured_media":19857,"template":"","meta":[],"product_brand":[],"product_cat":[820,212,821,822,823,1137,751],"product_tag":[488],"class_list":{"0":"post-19856","1":"product","2":"type-product","3":"status-publish","4":"has-post-thumbnail","6":"product_cat-do-18cm","7":"product_cat-macrame-2","8":"product_cat-od-18-do-19cm","9":"product_cat-od-19-do-20cm","10":"product_cat-od-20cm","11":"product_cat-ogled-vseh-zapestnice-2","12":"product_cat-unakit","13":"product_tag-unakit","15":"first","16":"instock","17":"shipping-taxable","18":"purchasable","19":"product-type-simple"},"_links":{"self":[{"href":"https:\/\/moirai.si\/hr\/wp-json\/wp\/v2\/product\/19856","targetHints":{"allow":["GET"]}}],"collection":[{"href":"https:\/\/moirai.si\/hr\/wp-json\/wp\/v2\/product"}],"about":[{"href":"https:\/\/moirai.si\/hr\/wp-json\/wp\/v2\/types\/product"}],"wp:featuredmedia":[{"embeddable":true,"href":"https:\/\/moirai.si\/hr\/wp-json\/wp\/v2\/media\/19857"}],"wp:attachment":[{"href":"https:\/\/moirai.si\/hr\/wp-json\/wp\/v2\/media?parent=19856"}],"wp:term":[{"taxonomy":"product_brand","embeddable":true,"href":"https:\/\/moirai.si\/hr\/wp-json\/wp\/v2\/product_brand?post=19856"},{"taxonomy":"product_cat","embeddable":true,"href":"https:\/\/moirai.si\/hr\/wp-json\/wp\/v2\/product_cat?post=19856"},{"taxonomy":"product_tag","embeddable":true,"href":"https:\/\/moirai.si\/hr\/wp-json\/wp\/v2\/product_tag?post=19856"}],"curies":[{"name":"wp","href":"https:\/\/api.w.org\/{rel}","templated":true}]}}