{"id":19858,"date":"2021-08-18T11:24:26","date_gmt":"2021-08-18T11:24:26","guid":{"rendered":"https:\/\/moirai.si\/?post_type=product&#038;p=19858"},"modified":"2026-04-19T20:27:14","modified_gmt":"2026-04-19T20:27:14","slug":"makrame-amazonit-2","status":"publish","type":"product","link":"https:\/\/moirai.si\/hr\/izdelek\/macrame-amazonit-2\/","title":{"rendered":"Makrame amazonit"},"content":{"rendered":"<p>Narukvica macrame Amazonit.<\/p>\n<p>Vi\u0161e informacija: <a href=\"https:\/\/moirai.si\/hr\/amazonit\/\" target=\"_blank\" rel=\"noopener noreferrer\">Amazonit<\/a><\/p>\n<p>MATERIJAL: Amazonit<br \/>\nDU\u017dINA: podesiva od 16-25 cm<br \/>\nTE\u017dINA: 10,7 g<br \/>\nVELI\u010cINA KAMENA: 6-8 mm<\/p>","protected":false},"excerpt":{"rendered":"<p>Unisex zapestnica kolekcije Macrame, ki je narejena iz Amazonita. Zapestnica je prilagodljiva in enostavna za no\u0161enje. Slika je simboli\u010dna. Mo\u017ena so manj\u0161a odstopanja v barvi in te\u017ei. Ve\u010d informacij: Amazonit MATERIAL: Amazonit DOL\u017dINA: prilagodljiva od 16-25 cm TE\u017dA: 10,7g VELIKOST KAMNOV: 6-8 mm<\/p>","protected":false},"featured_media":26084,"template":"","meta":[],"product_brand":[],"product_cat":[32,820,212,821,822,823,1137],"product_tag":[228],"class_list":{"0":"post-19858","1":"product","2":"type-product","3":"status-publish","4":"has-post-thumbnail","6":"product_cat-amazonit","7":"product_cat-do-18cm","8":"product_cat-macrame-2","9":"product_cat-od-18-do-19cm","10":"product_cat-od-19-do-20cm","11":"product_cat-od-20cm","12":"product_cat-ogled-vseh-zapestnice-2","13":"product_tag-amazonit","15":"first","16":"instock","17":"shipping-taxable","18":"purchasable","19":"product-type-simple"},"_links":{"self":[{"href":"https:\/\/moirai.si\/hr\/wp-json\/wp\/v2\/product\/19858","targetHints":{"allow":["GET"]}}],"collection":[{"href":"https:\/\/moirai.si\/hr\/wp-json\/wp\/v2\/product"}],"about":[{"href":"https:\/\/moirai.si\/hr\/wp-json\/wp\/v2\/types\/product"}],"wp:featuredmedia":[{"embeddable":true,"href":"https:\/\/moirai.si\/hr\/wp-json\/wp\/v2\/media\/26084"}],"wp:attachment":[{"href":"https:\/\/moirai.si\/hr\/wp-json\/wp\/v2\/media?parent=19858"}],"wp:term":[{"taxonomy":"product_brand","embeddable":true,"href":"https:\/\/moirai.si\/hr\/wp-json\/wp\/v2\/product_brand?post=19858"},{"taxonomy":"product_cat","embeddable":true,"href":"https:\/\/moirai.si\/hr\/wp-json\/wp\/v2\/product_cat?post=19858"},{"taxonomy":"product_tag","embeddable":true,"href":"https:\/\/moirai.si\/hr\/wp-json\/wp\/v2\/product_tag?post=19858"}],"curies":[{"name":"wp","href":"https:\/\/api.w.org\/{rel}","templated":true}]}}