{"id":19862,"date":"2021-08-18T11:26:47","date_gmt":"2021-08-18T11:26:47","guid":{"rendered":"https:\/\/moirai.si\/?post_type=product&#038;p=19862"},"modified":"2025-07-07T16:41:28","modified_gmt":"2025-07-07T16:41:28","slug":"macrame-fluorit-zeleni","status":"publish","type":"product","link":"https:\/\/moirai.si\/hr\/izdelek\/macrame-fluorit-zeleni\/","title":{"rendered":"Macrame Fluorit zeleni"},"content":{"rendered":"<p>Unisex zapestnica kolekcije Macrame, ki je narejena iz zelenega Fluorita. Zapestnica je prilagodljiva in enostavna za no\u0161enje. <\/p>\n<p>Vi\u0161e informacija: <a href=\"https:\/\/moirai.si\/hr\/fluorit\/\" target=\"_blank\" rel=\"noopener noreferrer\">Fluorit<\/a><\/p>\n<p>MATERIJAL: zeleni fluorit<br \/>\nDU\u017dINA: podesiva od 16-25cm<br \/>\nTE\u017dA: 6.6 g<br \/>\nVELI\u010cINA KAMENA: 6 mm<\/p>","protected":false},"excerpt":{"rendered":"<p>Unisex zapestnica kolekcije Macrame, ki je narejena iz zelenega Fluorita. Zapestnica je prilagodljiva in enostavna za no\u0161enje. Ve\u010d informacij: Fluorit MATERIAL: zeleni Fluorit DOL\u017dINA: prilagodljiva od 16-25cm TE\u017dA: 6.6 g VELIKOST KAMNOV: 6 mm<\/p>","protected":false},"featured_media":26121,"template":"","meta":[],"product_brand":[],"product_cat":[820,39,212,821,822,823,1137],"product_tag":[793],"class_list":{"0":"post-19862","1":"product","2":"type-product","3":"status-publish","4":"has-post-thumbnail","6":"product_cat-do-18cm","7":"product_cat-fluorit","8":"product_cat-macrame-2","9":"product_cat-od-18-do-19cm","10":"product_cat-od-19-do-20cm","11":"product_cat-od-20cm","12":"product_cat-ogled-vseh-zapestnice-2","13":"product_tag-zeleni-fluorit","15":"first","16":"instock","17":"shipping-taxable","18":"purchasable","19":"product-type-simple"},"_links":{"self":[{"href":"https:\/\/moirai.si\/hr\/wp-json\/wp\/v2\/product\/19862","targetHints":{"allow":["GET"]}}],"collection":[{"href":"https:\/\/moirai.si\/hr\/wp-json\/wp\/v2\/product"}],"about":[{"href":"https:\/\/moirai.si\/hr\/wp-json\/wp\/v2\/types\/product"}],"wp:featuredmedia":[{"embeddable":true,"href":"https:\/\/moirai.si\/hr\/wp-json\/wp\/v2\/media\/26121"}],"wp:attachment":[{"href":"https:\/\/moirai.si\/hr\/wp-json\/wp\/v2\/media?parent=19862"}],"wp:term":[{"taxonomy":"product_brand","embeddable":true,"href":"https:\/\/moirai.si\/hr\/wp-json\/wp\/v2\/product_brand?post=19862"},{"taxonomy":"product_cat","embeddable":true,"href":"https:\/\/moirai.si\/hr\/wp-json\/wp\/v2\/product_cat?post=19862"},{"taxonomy":"product_tag","embeddable":true,"href":"https:\/\/moirai.si\/hr\/wp-json\/wp\/v2\/product_tag?post=19862"}],"curies":[{"name":"wp","href":"https:\/\/api.w.org\/{rel}","templated":true}]}}