{"id":20054,"date":"2021-09-09T11:27:19","date_gmt":"2021-09-09T11:27:19","guid":{"rendered":"https:\/\/moirai.si\/?post_type=product&#038;p=20054"},"modified":"2026-03-26T12:51:59","modified_gmt":"2026-03-26T12:51:59","slug":"eliksir","status":"publish","type":"product","link":"https:\/\/moirai.si\/hr\/izdelek\/eliksir\/","title":{"rendered":"Eliksir"},"content":{"rendered":"<p>Mje\u0161avina eliksira. Slika je simboli\u010dna. Mogu\u0107a su manja odstupanja u boji, te\u017eini i obliku.<\/p>\n<p>MATERIJAL: gorski kristal, rozenkvarc, ametist, karneol<br \/>\nDIMENZIJE: 1,5-2,5 cm<br \/>\nTE\u017dINA: cca 40 g<\/p>","protected":false},"excerpt":{"rendered":"<p>Eliksir mix. Slika je simboli\u010dna. Mo\u017ena so manj\u0161a odstopanja v barvi, te\u017ei in obliki. MATERIAL: Kamena Strela (Gorski Kristal), Ro\u017eevec, Ametist, Karneol DIMENZIJE: 1,5-2,5 cm TE\u017dA: cca 40 g<\/p>","protected":false},"featured_media":25688,"template":"","meta":[],"product_brand":[],"product_cat":[33,68,48,848,753,69],"product_tag":[195,690,198,225],"class_list":{"0":"post-20054","1":"product","2":"type-product","3":"status-publish","4":"has-post-thumbnail","6":"product_cat-ametist","7":"product_cat-kamena-strela","8":"product_cat-karneol","9":"product_cat-kvarc","10":"product_cat-rocni-kamni","11":"product_cat-rozevec","12":"product_tag-ametist","13":"product_tag-kamena-strela-gorski-kristal","14":"product_tag-karneol","15":"product_tag-rozevec","17":"first","18":"instock","19":"shipping-taxable","20":"purchasable","21":"product-type-simple"},"_links":{"self":[{"href":"https:\/\/moirai.si\/hr\/wp-json\/wp\/v2\/product\/20054","targetHints":{"allow":["GET"]}}],"collection":[{"href":"https:\/\/moirai.si\/hr\/wp-json\/wp\/v2\/product"}],"about":[{"href":"https:\/\/moirai.si\/hr\/wp-json\/wp\/v2\/types\/product"}],"wp:featuredmedia":[{"embeddable":true,"href":"https:\/\/moirai.si\/hr\/wp-json\/wp\/v2\/media\/25688"}],"wp:attachment":[{"href":"https:\/\/moirai.si\/hr\/wp-json\/wp\/v2\/media?parent=20054"}],"wp:term":[{"taxonomy":"product_brand","embeddable":true,"href":"https:\/\/moirai.si\/hr\/wp-json\/wp\/v2\/product_brand?post=20054"},{"taxonomy":"product_cat","embeddable":true,"href":"https:\/\/moirai.si\/hr\/wp-json\/wp\/v2\/product_cat?post=20054"},{"taxonomy":"product_tag","embeddable":true,"href":"https:\/\/moirai.si\/hr\/wp-json\/wp\/v2\/product_tag?post=20054"}],"curies":[{"name":"wp","href":"https:\/\/api.w.org\/{rel}","templated":true}]}}