{"id":20200,"date":"2021-10-01T14:17:35","date_gmt":"2021-10-01T14:17:35","guid":{"rendered":"https:\/\/moirai.si\/?post_type=product&#038;p=20200"},"modified":"2026-01-28T12:04:19","modified_gmt":"2026-01-28T12:04:19","slug":"krpe-za-ciscenje-i-poliranje","status":"publish","type":"product","link":"https:\/\/moirai.si\/hr\/izdelek\/krpice-za-ciscenje-in-poliranje\/","title":{"rendered":"Krpe za \u010di\u0161\u0107enje i poliranje"},"content":{"rendered":"<p>Set od 25 krpica za jednokratno sigurno \u010di\u0161\u0107enje i poliranje srebra, zlata, kamenja i satova. Za dugotrajni sjaj! Za vra\u0107anje izvornog sjaja svom nakitu koristite krpu koja trenutno \u010disti, polira i nanosi za\u0161titni sloj.<br \/>\nUPUTE: Nje\u017eno trljajte krpu preko nakita i bacite ga nakon upotrebe. Obri\u0161ite nakit suhom, mekom krpom. Oksidacija koja se nakuplja na tkanini (crni sloj) mo\u017ee se prenijeti na ruke. U tom slu\u010daju dobro operite ruke sapunom.<\/p>\n<p>DIMENZIJE: 7,6 x 8,9 cm<br \/>\nTE\u017dINA: 40,5 g<\/p>","protected":false},"excerpt":{"rendered":"<p>Komplet 25 krpic za enkratno varno \u010di\u0161\u010denje in poliranje srebra, zlata, kamnov in ur. Za trajen lesk! Za obnovitev originalnega leska va\u0161ega nakita uporabite krpico, ki instantno o\u010disti, spolira ter nanese za\u0161\u010ditni sloj. NAVODILA: Krpico ne\u017eno podrgnite po nakitu ter jo po uporabi odvrzite. Nakit obri\u0161ite s suho mehko krpo. Oksidacija, ki se nabere na [&hellip;]<\/p>\n","protected":false},"featured_media":20201,"template":"","meta":[],"product_brand":[],"product_cat":[755],"product_tag":[963],"class_list":{"0":"post-20200","1":"product","2":"type-product","3":"status-publish","4":"has-post-thumbnail","6":"product_cat-mix","7":"product_tag-krpica-za-ciscenje-in-poliranje","9":"first","10":"instock","11":"shipping-taxable","12":"purchasable","13":"product-type-simple"},"_links":{"self":[{"href":"https:\/\/moirai.si\/hr\/wp-json\/wp\/v2\/product\/20200","targetHints":{"allow":["GET"]}}],"collection":[{"href":"https:\/\/moirai.si\/hr\/wp-json\/wp\/v2\/product"}],"about":[{"href":"https:\/\/moirai.si\/hr\/wp-json\/wp\/v2\/types\/product"}],"wp:featuredmedia":[{"embeddable":true,"href":"https:\/\/moirai.si\/hr\/wp-json\/wp\/v2\/media\/20201"}],"wp:attachment":[{"href":"https:\/\/moirai.si\/hr\/wp-json\/wp\/v2\/media?parent=20200"}],"wp:term":[{"taxonomy":"product_brand","embeddable":true,"href":"https:\/\/moirai.si\/hr\/wp-json\/wp\/v2\/product_brand?post=20200"},{"taxonomy":"product_cat","embeddable":true,"href":"https:\/\/moirai.si\/hr\/wp-json\/wp\/v2\/product_cat?post=20200"},{"taxonomy":"product_tag","embeddable":true,"href":"https:\/\/moirai.si\/hr\/wp-json\/wp\/v2\/product_tag?post=20200"}],"curies":[{"name":"wp","href":"https:\/\/api.w.org\/{rel}","templated":true}]}}