{"id":20295,"date":"2021-10-13T10:27:28","date_gmt":"2021-10-13T10:27:28","guid":{"rendered":"https:\/\/moirai.si\/?post_type=product&#038;p=20295"},"modified":"2025-01-12T20:17:58","modified_gmt":"2025-01-12T20:17:58","slug":"klasicni-miks-79","status":"publish","type":"product","link":"https:\/\/moirai.si\/hr\/izdelek\/clasic-mix-79\/","title":{"rendered":"Clasic Mix"},"content":{"rendered":"<p>Nau\u0161nice mix<\/p>\n<p>MATERIJAL: Obsidijan, fasetirani oniks, srebro 925<br \/>\nVELI\u010cINA KAMENA: 4-12 mm<br \/>\nTE\u017dINA: 7 g<br \/>\nDU\u017dINA: 4.6 cm<\/p>","protected":false},"excerpt":{"rendered":"<p>Elegantni uhani kolekcije Clasic, ki so narejeni iz razli\u010dnih kamnov in srebra 925. MATERIAL: Obsidijan, fasetiran Oniks, srebro 925 VELIKOST KAMNOV: 4-12 mm TE\u017dA: 7 g DOL\u017dINA: 4.6 cm<\/p>","protected":false},"featured_media":20296,"template":"","meta":[],"product_brand":[],"product_cat":[208,63,1138,62,27,1141],"product_tag":[293,231,371],"class_list":{"0":"post-20295","1":"product","2":"type-product","3":"status-publish","4":"has-post-thumbnail","6":"product_cat-clasic","7":"product_cat-obsidijan","8":"product_cat-ogled-vseh-uhani","9":"product_cat-oniks","10":"product_cat-uhani","11":"product_cat-uhani-clasic","12":"product_tag-fasetiran-oniks","13":"product_tag-obsidijan","14":"product_tag-srebro-925","16":"first","17":"instock","18":"shipping-taxable","19":"purchasable","20":"product-type-simple"},"_links":{"self":[{"href":"https:\/\/moirai.si\/hr\/wp-json\/wp\/v2\/product\/20295","targetHints":{"allow":["GET"]}}],"collection":[{"href":"https:\/\/moirai.si\/hr\/wp-json\/wp\/v2\/product"}],"about":[{"href":"https:\/\/moirai.si\/hr\/wp-json\/wp\/v2\/types\/product"}],"wp:featuredmedia":[{"embeddable":true,"href":"https:\/\/moirai.si\/hr\/wp-json\/wp\/v2\/media\/20296"}],"wp:attachment":[{"href":"https:\/\/moirai.si\/hr\/wp-json\/wp\/v2\/media?parent=20295"}],"wp:term":[{"taxonomy":"product_brand","embeddable":true,"href":"https:\/\/moirai.si\/hr\/wp-json\/wp\/v2\/product_brand?post=20295"},{"taxonomy":"product_cat","embeddable":true,"href":"https:\/\/moirai.si\/hr\/wp-json\/wp\/v2\/product_cat?post=20295"},{"taxonomy":"product_tag","embeddable":true,"href":"https:\/\/moirai.si\/hr\/wp-json\/wp\/v2\/product_tag?post=20295"}],"curies":[{"name":"wp","href":"https:\/\/api.w.org\/{rel}","templated":true}]}}