{"id":20303,"date":"2021-10-13T11:42:07","date_gmt":"2021-10-13T11:42:07","guid":{"rendered":"https:\/\/moirai.si\/?post_type=product&#038;p=20303"},"modified":"2026-01-12T10:49:28","modified_gmt":"2026-01-12T10:49:28","slug":"ella-koraljni-hematit-3","status":"publish","type":"product","link":"https:\/\/moirai.si\/hr\/izdelek\/ella-korala-hematit-3\/","title":{"rendered":"Ella koralj hematit"},"content":{"rendered":"<p>Elegantne nau\u0161nice iz kolekcije Ella, koje su izra\u0111ene od crvenog gljivastog koralja, hematita i 925 srebra.<\/p>\n<p>MATERIJAL: crveni gljivasti koralj, hematit, srebro 925<br \/>\nVELI\u010cINA KAMENA: 4-18 mm<br \/>\nTE\u017dINA: 9,6 g<br \/>\nDU\u017dINA: 5,1 cm<\/p>","protected":false},"excerpt":{"rendered":"<p>Elegantni uhani kolekcije Ella, ki so narejeni iz rde\u010de Gobaste Korale, Hematita in srebra 925. MATERIAL: rde\u010da Gobasta Korala, Hematit, srebro 925 VELIKOST KAMNOV: 4-18 mm TE\u017dA: 9.6 g DOL\u017dINA: 5.1 cm<\/p>","protected":false},"featured_media":26963,"template":"","meta":[],"product_brand":[],"product_cat":[289,52,42,1138,27,1142],"product_tag":[202,398,371],"class_list":{"0":"post-20303","1":"product","2":"type-product","3":"status-publish","4":"has-post-thumbnail","6":"product_cat-ella","7":"product_cat-gobasta-korala","8":"product_cat-hematit","9":"product_cat-ogled-vseh-uhani","10":"product_cat-uhani","11":"product_cat-uhani-ella","12":"product_tag-hematit","13":"product_tag-rdeca-gobasta-korala","14":"product_tag-srebro-925","16":"first","17":"instock","18":"shipping-taxable","19":"purchasable","20":"product-type-simple"},"_links":{"self":[{"href":"https:\/\/moirai.si\/hr\/wp-json\/wp\/v2\/product\/20303","targetHints":{"allow":["GET"]}}],"collection":[{"href":"https:\/\/moirai.si\/hr\/wp-json\/wp\/v2\/product"}],"about":[{"href":"https:\/\/moirai.si\/hr\/wp-json\/wp\/v2\/types\/product"}],"wp:featuredmedia":[{"embeddable":true,"href":"https:\/\/moirai.si\/hr\/wp-json\/wp\/v2\/media\/26963"}],"wp:attachment":[{"href":"https:\/\/moirai.si\/hr\/wp-json\/wp\/v2\/media?parent=20303"}],"wp:term":[{"taxonomy":"product_brand","embeddable":true,"href":"https:\/\/moirai.si\/hr\/wp-json\/wp\/v2\/product_brand?post=20303"},{"taxonomy":"product_cat","embeddable":true,"href":"https:\/\/moirai.si\/hr\/wp-json\/wp\/v2\/product_cat?post=20303"},{"taxonomy":"product_tag","embeddable":true,"href":"https:\/\/moirai.si\/hr\/wp-json\/wp\/v2\/product_tag?post=20303"}],"curies":[{"name":"wp","href":"https:\/\/api.w.org\/{rel}","templated":true}]}}