{"id":20478,"date":"2021-11-09T12:16:30","date_gmt":"2021-11-09T12:16:30","guid":{"rendered":"https:\/\/moirai.si\/?post_type=product&#038;p=20478"},"modified":"2024-12-09T10:15:35","modified_gmt":"2024-12-09T10:15:35","slug":"privjesak-od-dimljenog-kvarca-9","status":"publish","type":"product","link":"https:\/\/moirai.si\/hr\/izdelek\/obesek-kvarc-dimni-9\/","title":{"rendered":"Privjesak Dimni kvarc"},"content":{"rendered":"<p>Prekrasan privjesak od 925 srebra i Dimnog Kvarca. Lanac nije uklju\u010den u cijenu. Ovdje mo\u017eete odabrati novi lanac: <a href=\"https:\/\/moirai.si\/hr\/kategorija-proizvoda\/privjesci-i-lancici\/lanci-i-uzice\/\" target=\"_blank\" rel=\"noopener noreferrer\">Lanci<\/a><\/p>\n<p>MATERIJAL: Dimni Kvarc, Srebro 925<br \/>\nTE\u017dINA: 11,2 g<br \/>\nVELI\u010cINA KAMENA: 2,1-2,4 cm<br \/>\nDEBLJINA KAMENA: 1,2 cm<\/p>","protected":false},"excerpt":{"rendered":"<p>\u010cudovit obesek iz srebra 925 in Dimnega Kvarca. Veri\u017eica ni vklju\u010dena v ceno. Novo veri\u017eico si lahko izberete tukaj: Veri\u017eice MATERIAL: Dimni Kvarc, Srebro 925 TE\u017dA: 11.2 g VELIKOST KAMNA: 2.1-2.4 cm DEBELINA KAMNA: 1.2 cm<\/p>","protected":false},"featured_media":25526,"template":"","meta":[],"product_brand":[],"product_cat":[848,910],"product_tag":[365,371],"class_list":{"0":"post-20478","1":"product","2":"type-product","3":"status-publish","4":"has-post-thumbnail","6":"product_cat-kvarc","7":"product_cat-obeski-in-srebro","8":"product_tag-dimni-kvarc","9":"product_tag-srebro-925","11":"first","12":"instock","13":"shipping-taxable","14":"purchasable","15":"product-type-simple"},"_links":{"self":[{"href":"https:\/\/moirai.si\/hr\/wp-json\/wp\/v2\/product\/20478","targetHints":{"allow":["GET"]}}],"collection":[{"href":"https:\/\/moirai.si\/hr\/wp-json\/wp\/v2\/product"}],"about":[{"href":"https:\/\/moirai.si\/hr\/wp-json\/wp\/v2\/types\/product"}],"wp:featuredmedia":[{"embeddable":true,"href":"https:\/\/moirai.si\/hr\/wp-json\/wp\/v2\/media\/25526"}],"wp:attachment":[{"href":"https:\/\/moirai.si\/hr\/wp-json\/wp\/v2\/media?parent=20478"}],"wp:term":[{"taxonomy":"product_brand","embeddable":true,"href":"https:\/\/moirai.si\/hr\/wp-json\/wp\/v2\/product_brand?post=20478"},{"taxonomy":"product_cat","embeddable":true,"href":"https:\/\/moirai.si\/hr\/wp-json\/wp\/v2\/product_cat?post=20478"},{"taxonomy":"product_tag","embeddable":true,"href":"https:\/\/moirai.si\/hr\/wp-json\/wp\/v2\/product_tag?post=20478"}],"curies":[{"name":"wp","href":"https:\/\/api.w.org\/{rel}","templated":true}]}}