{"id":20635,"date":"2021-12-21T11:10:32","date_gmt":"2021-12-21T11:10:32","guid":{"rendered":"https:\/\/moirai.si\/?post_type=product&#038;p=20635"},"modified":"2025-01-13T14:37:51","modified_gmt":"2025-01-13T14:37:51","slug":"clasic-oniks-6","status":"publish","type":"product","link":"https:\/\/moirai.si\/hr\/izdelek\/clasic-oniks-6\/","title":{"rendered":"Clasic Oniks"},"content":{"rendered":"<p>Elegantna zapestnica kolekcije Clasic, ki je narejena iz Oniksa ter srebrnih 925 elementov, nizana na mehko, vendar mo\u010dno jekleno \u017eico in zaklju\u010dena s srebrnimi elementi. <\/p>\n<p>MATERIAL: fasetiran Oniks, Srebro 925<br \/>\nDOL\u017dINA:  prilagodljiva 18-20.5 cm<br \/>\nTE\u017dA: 25.8 g<br \/>\nVELI\u010cINA KAMENA: 6-12 mm<br \/>\nKOP\u010cA: 9 mm<\/p>","protected":false},"excerpt":{"rendered":"<p>Elegantna zapestnica kolekcije Clasic, ki je narejena iz Oniksa ter srebrnih 925 elementov, nizana na mehko, vendar mo\u010dno jekleno \u017eico in zaklju\u010dena s srebrnimi elementi. MATERIAL: fasetiran Oniks, Srebro 925 DOL\u017dINA: prilagodljiva 18-20.5 cm TE\u017dA: 25.8 g VELIKOST KAMNOV: 6-12 mm ZAPONKA: 9 mm<\/p>","protected":false},"featured_media":20636,"template":"","meta":[],"product_brand":[],"product_cat":[208,820,821,822,823,1137,62],"product_tag":[293,371],"class_list":{"0":"post-20635","1":"product","2":"type-product","3":"status-publish","4":"has-post-thumbnail","6":"product_cat-clasic","7":"product_cat-do-18cm","8":"product_cat-od-18-do-19cm","9":"product_cat-od-19-do-20cm","10":"product_cat-od-20cm","11":"product_cat-ogled-vseh-zapestnice-2","12":"product_cat-oniks","13":"product_tag-fasetiran-oniks","14":"product_tag-srebro-925","16":"first","17":"outofstock","18":"shipping-taxable","19":"purchasable","20":"product-type-simple"},"_links":{"self":[{"href":"https:\/\/moirai.si\/hr\/wp-json\/wp\/v2\/product\/20635","targetHints":{"allow":["GET"]}}],"collection":[{"href":"https:\/\/moirai.si\/hr\/wp-json\/wp\/v2\/product"}],"about":[{"href":"https:\/\/moirai.si\/hr\/wp-json\/wp\/v2\/types\/product"}],"wp:featuredmedia":[{"embeddable":true,"href":"https:\/\/moirai.si\/hr\/wp-json\/wp\/v2\/media\/20636"}],"wp:attachment":[{"href":"https:\/\/moirai.si\/hr\/wp-json\/wp\/v2\/media?parent=20635"}],"wp:term":[{"taxonomy":"product_brand","embeddable":true,"href":"https:\/\/moirai.si\/hr\/wp-json\/wp\/v2\/product_brand?post=20635"},{"taxonomy":"product_cat","embeddable":true,"href":"https:\/\/moirai.si\/hr\/wp-json\/wp\/v2\/product_cat?post=20635"},{"taxonomy":"product_tag","embeddable":true,"href":"https:\/\/moirai.si\/hr\/wp-json\/wp\/v2\/product_tag?post=20635"}],"curies":[{"name":"wp","href":"https:\/\/api.w.org\/{rel}","templated":true}]}}