{"id":20649,"date":"2021-12-21T11:20:12","date_gmt":"2021-12-21T11:20:12","guid":{"rendered":"https:\/\/moirai.si\/?post_type=product&#038;p=20649"},"modified":"2025-10-24T16:10:08","modified_gmt":"2025-10-24T16:10:08","slug":"clasic-turmalin-crni-2","status":"publish","type":"product","link":"https:\/\/moirai.si\/hr\/izdelek\/clasic-turmalin-crni-2\/","title":{"rendered":"Clasic turmalin crni"},"content":{"rendered":"<p>Elegantna narukvica iz kolekcije Classic, izra\u0111ena od crnog turmalina i rodiniranog srebra 925. <\/p>\n<p>MATERIAL: crni Turmalin, rodinirano Srebro 925<br \/>\nDU\u017dINA: podesiva 17,5-20 cm<br \/>\nTE\u017dINA: 10.8 g<br \/>\nVELI\u010cINA KAMENA: 6 mm<br \/>\nKOP\u010cA: 9 mm<\/p>","protected":false},"excerpt":{"rendered":"<p>Elegantna zapestnica kolekcije Clasic, ki je narejena iz \u010drnega Turmalina ter rodiniranih srebrnih 925 elementov, nizana na mehko, vendar mo\u010dno jekleno \u017eico in zaklju\u010dena s srebrnimi elementi. MATERIAL: \u010drni Turmalin, rodinirano Srebro 925 DOL\u017dINA: prilagodljiva 17.5-20 cm TE\u017dA: 10.8 g VELIKOST KAMNOV: 6 mm ZAPONKA: 9 mm<\/p>","protected":false},"featured_media":24126,"template":"","meta":[],"product_brand":[],"product_cat":[208,820,821,822,823,1137,85],"product_tag":[766,637],"class_list":{"0":"post-20649","1":"product","2":"type-product","3":"status-publish","4":"has-post-thumbnail","6":"product_cat-clasic","7":"product_cat-do-18cm","8":"product_cat-od-18-do-19cm","9":"product_cat-od-19-do-20cm","10":"product_cat-od-20cm","11":"product_cat-ogled-vseh-zapestnice-2","12":"product_cat-turmalin","13":"product_tag-crni-turmalin","14":"product_tag-rodinirano-srebro-925","16":"first","17":"instock","18":"shipping-taxable","19":"purchasable","20":"product-type-simple"},"_links":{"self":[{"href":"https:\/\/moirai.si\/hr\/wp-json\/wp\/v2\/product\/20649","targetHints":{"allow":["GET"]}}],"collection":[{"href":"https:\/\/moirai.si\/hr\/wp-json\/wp\/v2\/product"}],"about":[{"href":"https:\/\/moirai.si\/hr\/wp-json\/wp\/v2\/types\/product"}],"wp:featuredmedia":[{"embeddable":true,"href":"https:\/\/moirai.si\/hr\/wp-json\/wp\/v2\/media\/24126"}],"wp:attachment":[{"href":"https:\/\/moirai.si\/hr\/wp-json\/wp\/v2\/media?parent=20649"}],"wp:term":[{"taxonomy":"product_brand","embeddable":true,"href":"https:\/\/moirai.si\/hr\/wp-json\/wp\/v2\/product_brand?post=20649"},{"taxonomy":"product_cat","embeddable":true,"href":"https:\/\/moirai.si\/hr\/wp-json\/wp\/v2\/product_cat?post=20649"},{"taxonomy":"product_tag","embeddable":true,"href":"https:\/\/moirai.si\/hr\/wp-json\/wp\/v2\/product_tag?post=20649"}],"curies":[{"name":"wp","href":"https:\/\/api.w.org\/{rel}","templated":true}]}}