{"id":20657,"date":"2021-12-21T11:25:28","date_gmt":"2021-12-21T11:25:28","guid":{"rendered":"https:\/\/moirai.si\/?post_type=product&#038;p=20657"},"modified":"2026-03-26T13:17:50","modified_gmt":"2026-03-26T13:17:50","slug":"argo-malahit-3","status":"publish","type":"product","link":"https:\/\/moirai.si\/hr\/izdelek\/argo-malahit-3\/","title":{"rendered":"Argo Malahit"},"content":{"rendered":"<p>Elegantna narukvica iz Argo kolekcije, izra\u0111ena od malahita i rodiranog srebra 925. Narukvica je nanizana na meku, ali \u010dvrstu \u010deli\u010dnu \u017eicu. Slika je simboli\u010dna. Mogu\u0107a su manja odstupanja u boji i te\u017eini. <\/p>\n<p>MATERIJAL: malahit, rodinirano srebro 925<br \/>\nDU\u017dINA: podesiva 17,5-20 cm<br \/>\nTE\u017dINA: 16,1 g<br \/>\nVELI\u010cINA KAMENA: 2-8 mm<br \/>\nKOP\u010cA: 9 mm<\/p>","protected":false},"excerpt":{"rendered":"<p>Elegantna zapestnica kolekcije Argo, ki je narejena iz Malahita ter rodiniranega srebra 925. Zapestnica je nizana na mehko, vendar mo\u010dno jekleno \u017eico. Slika je simboli\u010dna. Mo\u017ena so manj\u0161a odstopanja v barvi in te\u017ei. MATERIAL: Malahit, rodinirano Srebro 925 DOL\u017dINA: prilagodljiva 17,5-20 cm TE\u017dA: 16,1 g VELIKOST KAMNOV: 2-8 mm ZAPONKA: 9 mm<\/p>","protected":false},"featured_media":24982,"template":"","meta":[],"product_brand":[],"product_cat":[191,820,821,822,823,1137],"product_tag":[399,637],"class_list":{"0":"post-20657","1":"product","2":"type-product","3":"status-publish","4":"has-post-thumbnail","6":"product_cat-argo","7":"product_cat-do-18cm","8":"product_cat-od-18-do-19cm","9":"product_cat-od-19-do-20cm","10":"product_cat-od-20cm","11":"product_cat-ogled-vseh-zapestnice-2","12":"product_tag-malahit","13":"product_tag-rodinirano-srebro-925","15":"first","16":"instock","17":"shipping-taxable","18":"purchasable","19":"product-type-simple"},"_links":{"self":[{"href":"https:\/\/moirai.si\/hr\/wp-json\/wp\/v2\/product\/20657","targetHints":{"allow":["GET"]}}],"collection":[{"href":"https:\/\/moirai.si\/hr\/wp-json\/wp\/v2\/product"}],"about":[{"href":"https:\/\/moirai.si\/hr\/wp-json\/wp\/v2\/types\/product"}],"wp:featuredmedia":[{"embeddable":true,"href":"https:\/\/moirai.si\/hr\/wp-json\/wp\/v2\/media\/24982"}],"wp:attachment":[{"href":"https:\/\/moirai.si\/hr\/wp-json\/wp\/v2\/media?parent=20657"}],"wp:term":[{"taxonomy":"product_brand","embeddable":true,"href":"https:\/\/moirai.si\/hr\/wp-json\/wp\/v2\/product_brand?post=20657"},{"taxonomy":"product_cat","embeddable":true,"href":"https:\/\/moirai.si\/hr\/wp-json\/wp\/v2\/product_cat?post=20657"},{"taxonomy":"product_tag","embeddable":true,"href":"https:\/\/moirai.si\/hr\/wp-json\/wp\/v2\/product_tag?post=20657"}],"curies":[{"name":"wp","href":"https:\/\/api.w.org\/{rel}","templated":true}]}}